{"id":1159,"date":"2017-12-08T16:39:51","date_gmt":"2017-12-08T15:39:51","guid":{"rendered":"https:\/\/iesalhama.educacion.navarra.es\/web1\/?page_id=1159"},"modified":"2024-04-25T16:10:14","modified_gmt":"2024-04-25T14:10:14","slug":"oferta-educativa","status":"publish","type":"page","link":"https:\/\/iesalhama.educacion.navarra.es\/web1\/nuestro-instituto\/oferta-educativa\/","title":{"rendered":"Oferta Educativa"},"content":{"rendered":"<h3 style=\"padding-left: 90px\"><strong><u>EDUCACI\u00d3N SECUNDARIA OBLIGATORIA LOMLOE<\/u><\/strong><\/h3>\n<h4><\/h4>\n<h5 style=\"padding-left: 150px\"><a href=\"https:\/\/docs.google.com\/document\/d\/1td3tm89KJIVHYfM1SFebF0c6VnA1S8x4lhnBltJNPA4\/edit?usp=sharing\" target=\"_blank\" rel=\"noopener\">Curso 1\u00ba ESO \u00a0(Con Secci\u00f3n Pluriling\u00fce y Biling\u00fce en Franc\u00e9s)<\/a><\/h5>\n<h5 style=\"padding-left: 150px\"><a href=\"https:\/\/docs.google.com\/document\/d\/1t0JJA8yZG_nhuPvBROVRuhVLWn-bmGeTBJKR-oymwXc\/edit?usp=sharing\">Curso 2\u00ba ESO\u00a0\u00a0(Con Secci\u00f3n Pluriling\u00fce y Biling\u00fce en Franc\u00e9s)<\/a><\/h5>\n<h5 style=\"padding-left: 150px\"><a href=\"https:\/\/docs.google.com\/document\/d\/1oB5iZqiSkIXua_R70zBFeco5NopnxOckR8eC5KSuXfw\/edit?usp=sharing\" target=\"_blank\" rel=\"noopener\">Curso 3\u00ba ESO\u00a0\u00a0(Con Secci\u00f3n Pluriling\u00fce y Biling\u00fce en Franc\u00e9s)<\/a><\/h5>\n<h5 style=\"padding-left: 150px\"><a href=\"https:\/\/docs.google.com\/document\/d\/1uXT6_QSPQC6Y81uYURqWjnDuUX6qe4RtDpJblTDzCzE\/edit?usp=sharing\" target=\"_blank\" rel=\"noopener\">Curso 4\u00ba ESO\u00a0\u00a0(Con Secci\u00f3n Pluriling\u00fce y Biling\u00fce en Franc\u00e9s)<\/a><\/h5>\n<h5 style=\"padding-left: 150px\"><a href=\"https:\/\/docs.google.com\/document\/d\/1J3rkCp1U6FijotN9J_lAqxnjirWv8ipXV99ers9G4mM\/edit?usp=sharing\" target=\"_blank\" rel=\"noopener\">3\u00ba y 4\u00ba Diversificaci\u00f3n Curricular<\/a><\/h5>\n<h5 style=\"padding-left: 150px\"><a href=\"https:\/\/docs.google.com\/document\/d\/1UdULH2nc5aPWXlIIILvfjz9-t-6b5z21GpZRPA8BE9c\/edit?usp=sharing\" target=\"_blank\" rel=\"noopener\">Unidad de Curr\u00edculo Espec\u00edfico (UCE)<\/a><\/h5>\n<h3><\/h3>\n<h3 style=\"padding-left: 90px\"><strong><u>BACHILLERATO LOMLOE<\/u><\/strong><\/h3>\n<h5 style=\"padding-left: 150px\"><span style=\"color: #0000ff\"><a style=\"color: #0000ff\" href=\"https:\/\/docs.google.com\/document\/d\/1zllVE7C0MLrfE1bCEE0xM3S9HOQQwVAnOfWLs-f0I_o\/edit?usp=sharing\" target=\"_blank\" rel=\"noopener\">1\u00ba Bachillerato Ciencias y Tecnolog\u00eda<\/a><\/span><\/h5>\n<h5 style=\"padding-left: 150px\"><span style=\"color: #0000ff\"><a style=\"color: #0000ff\" href=\"https:\/\/docs.google.com\/document\/d\/1ZbD9gt3bHuZn8aN0R9OJl6e4vdJ27r2Am_9XZC0CjF8\/edit?usp=sharing\" target=\"_blank\" rel=\"noopener\">1\u00ba Bachillerato de Humanidades y Ciencias Sociales<\/a><\/span><\/h5>\n<h5 style=\"padding-left: 150px\"><span style=\"color: #0000ff\"><a style=\"color: #0000ff\" href=\"https:\/\/docs.google.com\/document\/d\/11f5GjkwDxgqRaT0J4ji2-83cnHSIH9DC2feXol576F8\/edit?usp=sharing\" target=\"_blank\" rel=\"noopener\">2\u00ba Bachillerato Ciencias y Tecnolog\u00eda<\/a><\/span><\/h5>\n<h5 style=\"padding-left: 150px\"><span style=\"color: #0000ff\"><a style=\"color: #0000ff\" href=\"https:\/\/docs.google.com\/document\/d\/17E7v5xnHCmNKSsAcwO2TmNWcm5B8MpbHNlKhoMT0P_c\/edit?usp=sharing\" target=\"_blank\" rel=\"noopener\">2\u00ba Bachillerato Humanidades y Ciencias Sociales<\/a><\/span><\/h5>\n<h3><\/h3>\n<h3 style=\"margin-top: 0cm;line-height: normal;padding-left: 90px\"><u>FORMACI\u00d3N PROFESIONAL B\u00c1SICA<\/u><\/h3>\n<h5 style=\"padding-left: 150px\"><a href=\"https:\/\/docs.google.com\/document\/d\/1mUk9jWY41BVYM3Z2ybNeIDaH608iQwU2TOJVxQGfLYs\/edit?usp=sharing\" target=\"_blank\" rel=\"noopener\">1\u00ba Formaci\u00f3n Profesional B\u00e1sica de Cocina y Restauraci\u00f3n<\/a><\/h5>\n<h5 style=\"padding-left: 150px\"><a href=\"https:\/\/docs.google.com\/document\/d\/1oxNtX-2WDfu-9vTnveLOXv1SeaEt6V_8JdZCguzjYQ4\/edit?usp=sharing\" target=\"_blank\" rel=\"noopener\">2\u00ba\u00a0Formaci\u00f3n Profesional B\u00e1sica de Cocina y Restauraci\u00f3n<\/a><\/h5>\n<p style=\"padding-left: 150px\">\n","protected":false},"excerpt":{"rendered":"<p>EDUCACI\u00d3N SECUNDARIA OBLIGATORIA LOMLOE Curso 1\u00ba ESO \u00a0(Con Secci\u00f3n Pluriling\u00fce y Biling\u00fce en Franc\u00e9s) Curso 2\u00ba ESO\u00a0\u00a0(Con Secci\u00f3n Pluriling\u00fce y Biling\u00fce en Franc\u00e9s) Curso 3\u00ba ESO\u00a0\u00a0(Con Secci\u00f3n Pluriling\u00fce y Biling\u00fce en Franc\u00e9s) Curso 4\u00ba ESO\u00a0\u00a0(Con Secci\u00f3n Pluriling\u00fce y Biling\u00fce en Franc\u00e9s) 3\u00ba y 4\u00ba Diversificaci\u00f3n Curricular Unidad de Curr\u00edculo Espec\u00edfico (UCE) BACHILLERATO LOMLOE 1\u00ba Bachillerato [&hellip;]<\/p>\n","protected":false},"author":1,"featured_media":0,"parent":1155,"menu_order":0,"comment_status":"closed","ping_status":"closed","template":"","meta":{"_genesis_hide_title":false,"_genesis_hide_breadcrumbs":false,"_genesis_hide_singular_image":false,"_genesis_hide_footer_widgets":false,"_genesis_custom_body_class":"","_genesis_custom_post_class":"","_genesis_layout":""},"_links":{"self":[{"href":"https:\/\/iesalhama.educacion.navarra.es\/web1\/wp-json\/wp\/v2\/pages\/1159"}],"collection":[{"href":"https:\/\/iesalhama.educacion.navarra.es\/web1\/wp-json\/wp\/v2\/pages"}],"about":[{"href":"https:\/\/iesalhama.educacion.navarra.es\/web1\/wp-json\/wp\/v2\/types\/page"}],"author":[{"embeddable":true,"href":"https:\/\/iesalhama.educacion.navarra.es\/web1\/wp-json\/wp\/v2\/users\/1"}],"replies":[{"embeddable":true,"href":"https:\/\/iesalhama.educacion.navarra.es\/web1\/wp-json\/wp\/v2\/comments?post=1159"}],"version-history":[{"count":25,"href":"https:\/\/iesalhama.educacion.navarra.es\/web1\/wp-json\/wp\/v2\/pages\/1159\/revisions"}],"predecessor-version":[{"id":11258,"href":"https:\/\/iesalhama.educacion.navarra.es\/web1\/wp-json\/wp\/v2\/pages\/1159\/revisions\/11258"}],"up":[{"embeddable":true,"href":"https:\/\/iesalhama.educacion.navarra.es\/web1\/wp-json\/wp\/v2\/pages\/1155"}],"wp:attachment":[{"href":"https:\/\/iesalhama.educacion.navarra.es\/web1\/wp-json\/wp\/v2\/media?parent=1159"}],"curies":[{"name":"wp","href":"https:\/\/api.w.org\/{rel}","templated":true}]}}