{"id":1169,"date":"2017-12-08T16:43:38","date_gmt":"2017-12-08T15:43:38","guid":{"rendered":"https:\/\/iesalhama.educacion.navarra.es\/web1\/?page_id=1169"},"modified":"2025-11-12T10:48:44","modified_gmt":"2025-11-12T09:48:44","slug":"matematicas10","status":"publish","type":"page","link":"https:\/\/iesalhama.educacion.navarra.es\/web1\/departamentos\/matematicas10\/","title":{"rendered":"Matem\u00e1ticas"},"content":{"rendered":"<div class=\"content clearfix\">\n<p style=\"padding-left: 60px\"><span style=\"text-decoration: underline\"><strong>JEFATURA de Departamento<\/strong><\/span><strong style=\"font-size: revert;color: initial\">\u00a0<\/strong><\/p>\n<\/div>\n<div class=\"content clearfix\">\n<ul>\n<li style=\"list-style-type: none\">\n<ul>\n<li style=\"list-style-type: none\">\n<ul>\n<li>\n<h5><strong>Fauste Gonz\u00e1lez, Alberto<\/strong><\/h5>\n<\/li>\n<\/ul>\n<\/li>\n<\/ul>\n<\/li>\n<\/ul>\n<h5 style=\"padding-left: 60px\">\u00a0<strong style=\"color: #000000;font-size: 16px\">Correo del departamento: iesalhama.matematicas@educacion.navarra.es\u00a0<\/strong><\/h5>\n<p style=\"padding-left: 60px\"><span style=\"text-decoration: underline\"><strong>PROFESORADO\u00a0del Departamento<\/strong><\/span><\/p>\n<ul>\n<li style=\"list-style-type: none\">\n<ul>\n<li style=\"list-style-type: none\">\n<ul>\n<li>\n<h5><strong>Aparicio S\u00e1nchez, Blanca<\/strong><\/h5>\n<\/li>\n<li>\n<h5><strong>Bravo Espinar, Natividad Ana<\/strong><\/h5>\n<\/li>\n<li>\n<h5><strong>Carrascosa Rubio, Ricardo Vicente<\/strong><\/h5>\n<\/li>\n<li>\n<h5><strong>Jim\u00e9nez Ib\u00e1\u00f1ez, Jes\u00fas Javier<\/strong><\/h5>\n<\/li>\n<li>\n<h5><strong>M\u00e9ndez Bienzobas, Laura<\/strong><\/h5>\n<\/li>\n<li>\n<h5><strong>Navascu\u00e9s Muro, Edurne<\/strong><\/h5>\n<\/li>\n<li>\n<h5><strong>Rayo Velasco, Juan<\/strong><\/h5>\n<\/li>\n<li>\n<h5><strong>Rubio Moreno, Beatriz<\/strong><\/h5>\n<\/li>\n<li>\n<h5><strong>Ryabtseva Fomina, Marina<\/strong><\/h5>\n<\/li>\n<\/ul>\n<\/li>\n<\/ul>\n<\/li>\n<\/ul>\n<p style=\"padding-left: 60px\"><strong><u>ASIGNATURAS\u00a0impartidas por el Departamento<\/u><\/strong><\/p>\n<ul>\n<li style=\"list-style-type: none\">\n<ul>\n<li style=\"list-style-type: none\">\n<ul>\n<li><a href=\"https:\/\/docs.google.com\/document\/d\/1QviW8FiIffVDKWt_i4ji4x-aRNgVmIU1Dtv8FUtytyM\/edit\" target=\"_blank\" rel=\"noopener noreferrer\"><strong>1\u00ba ESO Matem\u00e1ticas<\/strong><\/a><\/li>\n<li><a href=\"https:\/\/docs.google.com\/document\/d\/1VZ1ucrk5P0c1SvCZOHXoRyb-29kAHItdeSHiJpW5Wfk\/edit\" target=\"_blank\" rel=\"noopener noreferrer\"><strong>1\u00ba ESO Taller de Matem\u00e1ticas I<\/strong><\/a><\/li>\n<li><a href=\"https:\/\/docs.google.com\/document\/d\/1JNLWHAmVrpB0bUqdDGp51Og44_h5vOfg3-G8wR8XtW4\/edit\" target=\"_blank\" rel=\"noopener noreferrer\"><strong>2\u00ba ESO Matem\u00e1ticas<\/strong><\/a><\/li>\n<li><strong><a href=\"https:\/\/docs.google.com\/document\/d\/17Q47PoLqlUO_817gAyeFGiMFiEunRINGwNnzODMNEd4\/edit?usp=sharing\" target=\"_blank\" rel=\"noopener\">2\u00ba ESO Taller Matem\u00e1ticas II<\/a><\/strong><\/li>\n<li><a href=\"https:\/\/docs.google.com\/document\/d\/1vjgaRYoXORd1ffM4_--NLf7t454XxaUgX2C_X-cAqBY\/edit\" target=\"_blank\" rel=\"noopener noreferrer\"><strong>4\u00ba ESO Matem\u00e1ticas B<\/strong><\/a><\/li>\n<li><a href=\"https:\/\/docs.google.com\/document\/d\/1Oh7iq2RAUq4zxRKh4vQXByS-TpBFu5YKFh85hVhD1Zs\/edit\" target=\"_blank\" rel=\"noopener noreferrer\"><strong>4\u00ba ESO Matem\u00e1ticas A<\/strong><\/a><\/li>\n<li><strong><a href=\"https:\/\/docs.google.com\/document\/d\/12RZiBx85Njy1KJZs3zagTN18uJaR99z9yrXOwr19Mik\/edit?usp=sharing\" target=\"_blank\" rel=\"noopener\">4\u00ba ESO Aplicaci\u00f3n de las matem\u00e1ticas<\/a><\/strong><\/li>\n<li><a href=\"https:\/\/docs.google.com\/document\/d\/1xFci7oB_uO3WFYsv1BsKNtYU1LSCrHYfGQPf3Q7EH5w\/edit\" target=\"_blank\" rel=\"noopener noreferrer\"><strong>1\u00ba BCH Matem\u00e1ticas CCSS I<\/strong><\/a><\/li>\n<li><a href=\"https:\/\/docs.google.com\/document\/d\/13f-iMNag72r98wZ6z4Cy1fZcrPtzWwh4B9EPwHOn4fs\/edit\" target=\"_blank\" rel=\"noopener noreferrer\"><strong>1\u00ba BCH Matem\u00e1ticas CN I<\/strong><\/a><\/li>\n<li><a href=\"https:\/\/docs.google.com\/document\/d\/1_c5YhLqdvlTuQQ3uTtHdzcAUmmp-glgoRRXb2GoDgMw\/edit\" target=\"_blank\" rel=\"noopener noreferrer\"><strong>2\u00ba BCH Matem\u00e1ticas CCSS II<\/strong><\/a><\/li>\n<li><a href=\"https:\/\/docs.google.com\/document\/d\/1LvQEz2tIh46TCpTtY1RfbsSxE4rBAWrt9nCiWp4LPWI\/edit\" target=\"_blank\" rel=\"noopener noreferrer\"><strong>2\u00ba BCH Matem\u00e1ticas CN II<\/strong><\/a><\/li>\n<\/ul>\n<\/li>\n<\/ul>\n<\/li>\n<\/ul>\n<div>\n<p style=\"padding-left: 60px\"><strong><u>VIII JORNADAS DE MATEM\u00c1TICAS DE NAVARRA<\/u><\/strong><\/p>\n<p>\u00a0 \u00a0 \u00a0 \u00a0 \u00a0 \u00a0 \u00a0 \u00a0 \u00a0 \u00a0 \u00a0 \u00a0<strong><a href=\"https:\/\/docs.google.com\/document\/d\/10Q6RmUbhhJc9aioixeQjzpFeUf3tsckp7qrM3O7RelE\/edit?usp=sharing\" target=\"_blank\" rel=\"noopener\">MATEMAGIA<\/a><\/strong><\/p>\n<ul>\n<li style=\"list-style-type: none\">\n<ul>\n<li style=\"list-style-type: none\">\n<ul>\n<li><a href=\"https:\/\/docs.google.com\/document\/d\/1Kz8EvPY_6HJxy7Zf1kCBg4R942k1Ms90\/edit?usp=sharing&amp;ouid=116873132361566511518&amp;rtpof=true&amp;sd=true\" target=\"_blank\" rel=\"noopener noreferrer\"><strong>Taller de c\u00e1lculo mental<\/strong><\/a><\/li>\n<li><a href=\"https:\/\/docs.google.com\/presentation\/d\/1Hior09Xb1y53ylJ_BCMkGkT8H-1zsbVU\/edit?usp=share_link&amp;ouid=116873132361566511518&amp;rtpof=true&amp;sd=true\" target=\"_blank\" rel=\"noopener noreferrer\"><strong>Tablas de c\u00e1lculo<\/strong><\/a><\/li>\n<li><a href=\"http:\/\/docentes.educacion.navarra.es\/jjimenei\/\" target=\"_blank\" rel=\"noopener noreferrer\"><strong>Web c\u00e1lculo mental-JJ<\/strong><\/a><\/li>\n<\/ul>\n<\/li>\n<\/ul>\n<\/li>\n<\/ul>\n<\/div>\n<\/div>\n\n\n<p><\/p>\n","protected":false},"excerpt":{"rendered":"<p>JEFATURA de Departamento\u00a0 Fauste Gonz\u00e1lez, Alberto \u00a0Correo del departamento: iesalhama.matematicas@educacion.navarra.es\u00a0 PROFESORADO\u00a0del Departamento Aparicio S\u00e1nchez, Blanca Bravo Espinar, Natividad Ana Carrascosa Rubio, Ricardo Vicente Jim\u00e9nez Ib\u00e1\u00f1ez, Jes\u00fas Javier M\u00e9ndez Bienzobas, Laura Navascu\u00e9s Muro, Edurne Rayo Velasco, Juan Rubio Moreno, Beatriz Ryabtseva Fomina, Marina ASIGNATURAS\u00a0impartidas por el Departamento 1\u00ba ESO Matem\u00e1ticas 1\u00ba ESO Taller de Matem\u00e1ticas I [&hellip;]<\/p>\n","protected":false},"author":1,"featured_media":0,"parent":1167,"menu_order":0,"comment_status":"closed","ping_status":"closed","template":"","meta":{"_genesis_hide_title":false,"_genesis_hide_breadcrumbs":false,"_genesis_hide_singular_image":false,"_genesis_hide_footer_widgets":false,"_genesis_custom_body_class":"","_genesis_custom_post_class":"","_genesis_layout":""},"_links":{"self":[{"href":"https:\/\/iesalhama.educacion.navarra.es\/web1\/wp-json\/wp\/v2\/pages\/1169"}],"collection":[{"href":"https:\/\/iesalhama.educacion.navarra.es\/web1\/wp-json\/wp\/v2\/pages"}],"about":[{"href":"https:\/\/iesalhama.educacion.navarra.es\/web1\/wp-json\/wp\/v2\/types\/page"}],"author":[{"embeddable":true,"href":"https:\/\/iesalhama.educacion.navarra.es\/web1\/wp-json\/wp\/v2\/users\/1"}],"replies":[{"embeddable":true,"href":"https:\/\/iesalhama.educacion.navarra.es\/web1\/wp-json\/wp\/v2\/comments?post=1169"}],"version-history":[{"count":53,"href":"https:\/\/iesalhama.educacion.navarra.es\/web1\/wp-json\/wp\/v2\/pages\/1169\/revisions"}],"predecessor-version":[{"id":13168,"href":"https:\/\/iesalhama.educacion.navarra.es\/web1\/wp-json\/wp\/v2\/pages\/1169\/revisions\/13168"}],"up":[{"embeddable":true,"href":"https:\/\/iesalhama.educacion.navarra.es\/web1\/wp-json\/wp\/v2\/pages\/1167"}],"wp:attachment":[{"href":"https:\/\/iesalhama.educacion.navarra.es\/web1\/wp-json\/wp\/v2\/media?parent=1169"}],"curies":[{"name":"wp","href":"https:\/\/api.w.org\/{rel}","templated":true}]}}