{"id":1171,"date":"2017-12-08T16:44:04","date_gmt":"2017-12-08T15:44:04","guid":{"rendered":"https:\/\/iesalhama.educacion.navarra.es\/web1\/?page_id=1171"},"modified":"2025-11-26T10:50:55","modified_gmt":"2025-11-26T09:50:55","slug":"geografia-e-historia","status":"publish","type":"page","link":"https:\/\/iesalhama.educacion.navarra.es\/web1\/departamentos\/geografia-e-historia\/","title":{"rendered":"Geograf\u00eda e Historia"},"content":{"rendered":"<p style=\"padding-left: 60px\"><span style=\"text-decoration: underline\"><strong>JEFATURA de Departamento<\/strong><\/span><\/p>\n<ul>\n<li style=\"list-style-type: none\">\n<ul>\n<li style=\"list-style-type: none\">\n<ul>\n<li>\n<h5><strong>Alfaro P\u00e9rez, Raquel<\/strong><\/h5>\n<\/li>\n<\/ul>\n<\/li>\n<\/ul>\n<\/li>\n<\/ul>\n<p style=\"padding-left: 60px\"><span style=\"text-decoration: underline\"><strong>PROFESORADO\u00a0del Departamento<\/strong><\/span><\/p>\n<ul>\n<li style=\"list-style-type: none\">\n<ul>\n<li style=\"list-style-type: none\">\n<ul>\n<li>\n<h5><strong>Aguado Garijo, David<\/strong><\/h5>\n<\/li>\n<li>\n<h5><strong>Arag\u00fc\u00e1s Biescas, Mar\u00eda Pilar<\/strong><\/h5>\n<\/li>\n<li>\n<h5><strong>Navas C\u00e1mara, Luis<\/strong><\/h5>\n<\/li>\n<li>\n<h5><strong>Pueyo Moler, Rub\u00e9n<\/strong><\/h5>\n<\/li>\n<li>\n<h5><b>Rozas Ordovas, Antonio<\/b><\/h5>\n<\/li>\n<li>\n<h5><b>Sevastru, Oana Mar\u00eda<\/b><\/h5>\n<\/li>\n<li>\n<h5><b>Ullate Hern\u00e1ndez, Jes\u00fas Ignacio<\/b><\/h5>\n<\/li>\n<\/ul>\n<\/li>\n<\/ul>\n<\/li>\n<\/ul>\n<p style=\"padding-left: 60px\"><strong><u>ASIGNATURAS\u00a0impartidas por el Departamento<\/u><\/strong><\/p>\n<ol>\n<li style=\"list-style-type: none\">\n<ol>\n<li style=\"list-style-type: none\">\n<ul>\n<li><a href=\"https:\/\/docs.google.com\/document\/d\/1M1TEBFv7oHgzgrzndXAiaM5AcW6xm5VDsUY6feSao_c\/edit?tab=t.0\" target=\"_blank\" rel=\"noopener\"><strong>1\u00ba ESO Geograf\u00eda e Historia<\/strong><\/a><\/li>\n<li><a href=\"https:\/\/docs.google.com\/document\/d\/1t1UGMT83yW2cYkU7rS3D-nYVSGu7bmBrLmui91uAr3s\/edit?tab=t.0\" target=\"_blank\" rel=\"noopener\"><strong>1\u00ba ESO \u00c1mbito<\/strong><\/a><\/li>\n<li><a href=\"https:\/\/docs.google.com\/document\/d\/1Wx90rC7-wgOILgbFhFqEenjcBBDHzB8x9U664fWM7d8\/edit?usp=sharing\" target=\"_blank\" rel=\"noopener\"><strong>2\u00ba ESO Geograf\u00eda e Historia<\/strong><\/a><\/li>\n<li><a href=\"https:\/\/docs.google.com\/document\/d\/1rVOfKBzXpuM7fqeLIY_-tFDVUxNmeliN-qzDLg3OtOI\/edit?usp=sharing\" target=\"_blank\" rel=\"noopener\"><strong>3\u00ba ESO Geograf\u00eda e Historia<\/strong><\/a><\/li>\n<li><a href=\"https:\/\/docs.google.com\/document\/d\/1zUhqmMjeWQH2JE8SX-8KtqP0TDCBulVL\/edit?usp=sharing&amp;ouid=102514659199286461982&amp;rtpof=true&amp;sd=true\" target=\"_blank\" rel=\"noopener\"><strong>4\u00ba ESO Historia<\/strong><\/a><\/li>\n<li><a href=\"https:\/\/docs.google.com\/document\/d\/10VivfApKOLL1gAnMcRAs0_oSN1sFWJSjgBPdldL9t-Y\/edit?usp=sharing\" target=\"_blank\" rel=\"noopener\"><strong>1\u00ba BCH Historia del mundo contempor\u00e1neo<\/strong><\/a><\/li>\n<li><a href=\"https:\/\/docs.google.com\/document\/d\/1vlADcdjALncJZ5giQZzUTrsxHRWqLIuUcgLOp5WtAVA\/edit?usp=sharing\" target=\"_blank\" rel=\"noopener\"><strong>2\u00ba BCH Historia de Espa\u00f1a<\/strong><\/a><\/li>\n<li><a href=\"https:\/\/docs.google.com\/document\/d\/1w84GOQFesR8S1rl4XJtUPqsMgVa4mOct\/edit?usp=sharing&amp;ouid=101290533643194199874&amp;rtpof=true&amp;sd=true\" target=\"_blank\" rel=\"noopener\"><strong>2\u00ba BCH Geograf\u00eda<\/strong><\/a><\/li>\n<li><a href=\"https:\/\/docs.google.com\/document\/d\/1y6gWCGZq39NZ5c7-RsfSZ8lugZYMwrrGYpm62nhmMnA\/edit?usp=sharing\" target=\"_blank\" rel=\"noopener\"><strong>2\u00ba BCH Historia del Arte<\/strong><\/a><\/li>\n<\/ul>\n<\/li>\n<\/ol>\n<\/li>\n<\/ol>\n\n\n<p><\/p>\n","protected":false},"excerpt":{"rendered":"<p>JEFATURA de Departamento Alfaro P\u00e9rez, Raquel PROFESORADO\u00a0del Departamento Aguado Garijo, David Arag\u00fc\u00e1s Biescas, Mar\u00eda Pilar Navas C\u00e1mara, Luis Pueyo Moler, Rub\u00e9n Rozas Ordovas, Antonio Sevastru, Oana Mar\u00eda Ullate Hern\u00e1ndez, Jes\u00fas Ignacio ASIGNATURAS\u00a0impartidas por el Departamento 1\u00ba ESO Geograf\u00eda e Historia 1\u00ba ESO \u00c1mbito 2\u00ba ESO Geograf\u00eda e Historia 3\u00ba ESO Geograf\u00eda e Historia 4\u00ba ESO [&hellip;]<\/p>\n","protected":false},"author":1,"featured_media":0,"parent":1167,"menu_order":0,"comment_status":"closed","ping_status":"closed","template":"","meta":{"_genesis_hide_title":false,"_genesis_hide_breadcrumbs":false,"_genesis_hide_singular_image":false,"_genesis_hide_footer_widgets":false,"_genesis_custom_body_class":"","_genesis_custom_post_class":"","_genesis_layout":""},"_links":{"self":[{"href":"https:\/\/iesalhama.educacion.navarra.es\/web1\/wp-json\/wp\/v2\/pages\/1171"}],"collection":[{"href":"https:\/\/iesalhama.educacion.navarra.es\/web1\/wp-json\/wp\/v2\/pages"}],"about":[{"href":"https:\/\/iesalhama.educacion.navarra.es\/web1\/wp-json\/wp\/v2\/types\/page"}],"author":[{"embeddable":true,"href":"https:\/\/iesalhama.educacion.navarra.es\/web1\/wp-json\/wp\/v2\/users\/1"}],"replies":[{"embeddable":true,"href":"https:\/\/iesalhama.educacion.navarra.es\/web1\/wp-json\/wp\/v2\/comments?post=1171"}],"version-history":[{"count":43,"href":"https:\/\/iesalhama.educacion.navarra.es\/web1\/wp-json\/wp\/v2\/pages\/1171\/revisions"}],"predecessor-version":[{"id":13198,"href":"https:\/\/iesalhama.educacion.navarra.es\/web1\/wp-json\/wp\/v2\/pages\/1171\/revisions\/13198"}],"up":[{"embeddable":true,"href":"https:\/\/iesalhama.educacion.navarra.es\/web1\/wp-json\/wp\/v2\/pages\/1167"}],"wp:attachment":[{"href":"https:\/\/iesalhama.educacion.navarra.es\/web1\/wp-json\/wp\/v2\/media?parent=1171"}],"curies":[{"name":"wp","href":"https:\/\/api.w.org\/{rel}","templated":true}]}}