{"id":1173,"date":"2017-12-08T16:44:19","date_gmt":"2017-12-08T15:44:19","guid":{"rendered":"https:\/\/iesalhama.educacion.navarra.es\/web1\/?page_id=1173"},"modified":"2026-01-16T12:59:54","modified_gmt":"2026-01-16T11:59:54","slug":"ingles","status":"publish","type":"page","link":"https:\/\/iesalhama.educacion.navarra.es\/web1\/departamentos\/ingles\/","title":{"rendered":"Ingl\u00e9s"},"content":{"rendered":"<div class=\"content clearfix\">\n<p style=\"padding-left: 60px\"><span style=\"text-decoration: underline\"><strong>JEFATURA de Departamento<\/strong><\/span><\/p>\n<ul>\n<li style=\"list-style-type: none\">\n<ul>\n<li style=\"list-style-type: none\">\n<ul>\n<li>\n<h5><strong>Vergara L\u00f3pez, Alba<\/strong><\/h5>\n<\/li>\n<\/ul>\n<\/li>\n<\/ul>\n<\/li>\n<\/ul>\n<p style=\"padding-left: 60px\"><span style=\"text-decoration: underline\"><strong>PROFESORADO\u00a0del Departamento<\/strong><\/span><\/p>\n<ul>\n<li style=\"list-style-type: none\">\n<ul>\n<li style=\"list-style-type: none\">\n<ul>\n<li>\n<h5><strong>Catal\u00e1n Delgado, Susana<\/strong><\/h5>\n<\/li>\n<li>\n<h5><strong>Chivite Fern\u00e1ndez, Arantxa<\/strong><\/h5>\n<\/li>\n<li>\n<h5><strong>Gal\u00e1n Escalada, Sheila<\/strong><\/h5>\n<\/li>\n<li>\n<h5><strong>Peralta Mateo, Marina (Frutuoso L\u00f3pez, Leonardo)<\/strong><\/h5>\n<\/li>\n<li>\n<h5>Ruiz Cizaurre, Silvia<\/h5>\n<\/li>\n<li>\n<h5>San Miguel Fern\u00e1ndez, Puy<\/h5>\n<\/li>\n<li>\n<h5><strong>Valencia Cirauqui, Cristina\u00a0<\/strong><\/h5>\n<\/li>\n<\/ul>\n<\/li>\n<\/ul>\n<\/li>\n<\/ul>\n<p><strong><u>ASIGNATURAS\u00a0impartidas por el Departamento<\/u><\/strong><\/p>\n<ul>\n<li style=\"list-style-type: none\">\n<ul>\n<li style=\"list-style-type: none\">\n<ul>\n<li><a href=\"https:\/\/docs.google.com\/document\/d\/1gKeY8lq494Mo7YElsZKLr2oCcZPCMHD62P92W2c93w4\/edit?usp=sharing\" target=\"_blank\" rel=\"noopener noreferrer\"><strong>1\u00ba ESO Ingl\u00e9s (ordinario)<\/strong><\/a><\/li>\n<li><strong><a href=\"https:\/\/docs.google.com\/document\/d\/1-0VkYqpBYYbujORktZtEGuBGccFBI5yn\/edit?usp=sharing&amp;ouid=105897542764025823476&amp;rtpof=true&amp;sd=true\" target=\"_blank\" rel=\"noopener noreferrer\">1\u00ba ESO Ingl\u00e9s (pluriling\u00fce)<\/a><\/strong><\/li>\n<li><strong><a href=\"https:\/\/docs.google.com\/document\/d\/1-0kPoWYFUfBCcsZXrY7bVMaZbe-bEDha\/edit?usp=sharing&amp;ouid=105897542764025823476&amp;rtpof=true&amp;sd=true\" target=\"_blank\" rel=\"noopener noreferrer\">2\u00ba ESO Ingl\u00e9s (ordinario)<\/a><\/strong><\/li>\n<li><strong><a href=\"https:\/\/docs.google.com\/document\/d\/12mzCRRBJ8wxOw0k0IXBmmUXQQn_GTtzeM4WjsD7Hl8A\/edit?usp=sharing\" target=\"_blank\" rel=\"noopener noreferrer\">2\u00ba ESO Ingl\u00e9s (pluriling\u00fce)<\/a><\/strong><\/li>\n<li><strong><a href=\"https:\/\/docs.google.com\/document\/d\/1JcSwjxEMSQrp-mX1cVbhsZHF6mJEPbhtFfKSryBwOX4\/edit?usp=sharing\" target=\"_blank\" rel=\"noopener noreferrer\">3\u00ba ESO Ingl\u00e9s (ordinario)<\/a><\/strong><\/li>\n<li><strong><a href=\"https:\/\/docs.google.com\/document\/d\/1uCf8L8CGXa0WCCd2I1nciDGnhK7Suuq0JhHy5gOYelQ\/edit?usp=sharing\" target=\"_blank\" rel=\"noopener noreferrer\">3\u00ba ESO Ingl\u00e9s (pluriling\u00fce)<\/a><\/strong><\/li>\n<li><strong><a href=\"https:\/\/docs.google.com\/document\/d\/1W6BtTn-4CevoCbeK3ZOrsCyctvQGY0NiD1WEI9Df2DE\/edit?usp=sharing\" target=\"_blank\" rel=\"noopener\">3\u00ba ESO D.C. Ingl\u00e9s<\/a><\/strong><\/li>\n<li><strong><a href=\"https:\/\/docs.google.com\/document\/d\/1QCoqklo32alqS815JmCiXnli7ulJa-ZxdwhiCmWi5xI\/edit?usp=sharing\" target=\"_blank\" rel=\"noopener noreferrer\">4\u00ba ESO Ingl\u00e9s (ordinario)<\/a><\/strong><\/li>\n<li><strong><a href=\"https:\/\/docs.google.com\/document\/d\/1WgnRUMy975eyMO7BqPCyduLEmvWqJ5MEYXCOXYvabSg\/edit?usp=sharing\" target=\"_blank\" rel=\"noopener noreferrer\">4\u00ba ESO Ingl\u00e9s (pluriling\u00fce)<\/a><\/strong><\/li>\n<li><strong><a href=\"https:\/\/docs.google.com\/document\/d\/1o2XEnjHA1l-brR3lZQDNiLcQIqVCfKHp9k9UzYvliCA\/edit?usp=sharing\" target=\"_blank\" rel=\"noopener noreferrer\">4\u00ba ESO D.C. Ingl\u00e9s<\/a><\/strong><\/li>\n<li><strong><a href=\"https:\/\/docs.google.com\/document\/d\/1TOpSeuCyITP8Iutxm8IWyu2VLLC8l3NVWiIAJJ-kcsI\/edit?usp=sharing\" target=\"_blank\" rel=\"noopener noreferrer\">1\u00ba FPB Ingl\u00e9s<\/a><\/strong><\/li>\n<li><strong><a href=\"https:\/\/docs.google.com\/document\/d\/1N1016zSRWav4HuqMJIWGaLeOkoB32c6smUZ-GGBssEA\/edit?usp=sharing\" target=\"_blank\" rel=\"noopener noreferrer\">2\u00ba FPB Ingl\u00e9s<\/a><\/strong><\/li>\n<li><strong><a href=\"https:\/\/docs.google.com\/document\/d\/1xEWKOp1UI0P7Tk5nEn_6qi_2-we4n_Ubb0AYKa9Xxss\/edit?usp=sharing\" target=\"_blank\" rel=\"noopener noreferrer\">1\u00ba BCH Ingl\u00e9s<\/a><\/strong><\/li>\n<li><strong><a href=\"https:\/\/docs.google.com\/document\/d\/1ScmMgCiEYoN6aY9ZCNkjSeRxb3qfIQPkjHfuPioHFvE\/edit?usp=sharing\" target=\"_blank\" rel=\"noopener\">2\u00ba BCH Ingl\u00e9s<\/a><\/strong><\/li>\n<\/ul>\n<\/li>\n<\/ul>\n<\/li>\n<\/ul>\n<p>\u00a0 \u00a0 \u00a0 \u00a0 \u00a0 \u00a0 \u00a0 \u00a0<strong><span style=\"color: #0000ff\"><a style=\"color: #0000ff\" href=\"https:\/\/docs.google.com\/document\/d\/1slFIcDXvpau7QCGfz9IkL19ginIctEQx\/edit?pli=1\" target=\"_blank\" rel=\"noopener noreferrer\">LIBROS DE LECTURA 25-26<\/a><\/span><\/strong><\/p>\n<\/div>\n<p><a href=\"https:\/\/docs.google.com\/presentation\/d\/1eKxOlZgwTptFrPPkeIHzvhgx8dE8xJq1FaruhK42oTY\/edit?usp=sharing\">Presentaci\u00f3n curso Erasmus + 2024\/25<\/a><\/p>\n\n\n<p><\/p>\n","protected":false},"excerpt":{"rendered":"<p>JEFATURA de Departamento Vergara L\u00f3pez, Alba PROFESORADO\u00a0del Departamento Catal\u00e1n Delgado, Susana Chivite Fern\u00e1ndez, Arantxa Gal\u00e1n Escalada, Sheila Peralta Mateo, Marina (Frutuoso L\u00f3pez, Leonardo) Ruiz Cizaurre, Silvia San Miguel Fern\u00e1ndez, Puy Valencia Cirauqui, Cristina\u00a0 ASIGNATURAS\u00a0impartidas por el Departamento 1\u00ba ESO Ingl\u00e9s (ordinario) 1\u00ba ESO Ingl\u00e9s (pluriling\u00fce) 2\u00ba ESO Ingl\u00e9s (ordinario) 2\u00ba ESO Ingl\u00e9s (pluriling\u00fce) 3\u00ba ESO [&hellip;]<\/p>\n","protected":false},"author":1,"featured_media":0,"parent":1167,"menu_order":0,"comment_status":"closed","ping_status":"closed","template":"","meta":{"_genesis_hide_title":false,"_genesis_hide_breadcrumbs":false,"_genesis_hide_singular_image":false,"_genesis_hide_footer_widgets":false,"_genesis_custom_body_class":"","_genesis_custom_post_class":"","_genesis_layout":""},"_links":{"self":[{"href":"https:\/\/iesalhama.educacion.navarra.es\/web1\/wp-json\/wp\/v2\/pages\/1173"}],"collection":[{"href":"https:\/\/iesalhama.educacion.navarra.es\/web1\/wp-json\/wp\/v2\/pages"}],"about":[{"href":"https:\/\/iesalhama.educacion.navarra.es\/web1\/wp-json\/wp\/v2\/types\/page"}],"author":[{"embeddable":true,"href":"https:\/\/iesalhama.educacion.navarra.es\/web1\/wp-json\/wp\/v2\/users\/1"}],"replies":[{"embeddable":true,"href":"https:\/\/iesalhama.educacion.navarra.es\/web1\/wp-json\/wp\/v2\/comments?post=1173"}],"version-history":[{"count":49,"href":"https:\/\/iesalhama.educacion.navarra.es\/web1\/wp-json\/wp\/v2\/pages\/1173\/revisions"}],"predecessor-version":[{"id":13246,"href":"https:\/\/iesalhama.educacion.navarra.es\/web1\/wp-json\/wp\/v2\/pages\/1173\/revisions\/13246"}],"up":[{"embeddable":true,"href":"https:\/\/iesalhama.educacion.navarra.es\/web1\/wp-json\/wp\/v2\/pages\/1167"}],"wp:attachment":[{"href":"https:\/\/iesalhama.educacion.navarra.es\/web1\/wp-json\/wp\/v2\/media?parent=1173"}],"curies":[{"name":"wp","href":"https:\/\/api.w.org\/{rel}","templated":true}]}}