{"id":1175,"date":"2017-12-08T16:45:23","date_gmt":"2017-12-08T15:45:23","guid":{"rendered":"https:\/\/iesalhama.educacion.navarra.es\/web1\/?page_id=1175"},"modified":"2025-11-26T10:56:30","modified_gmt":"2025-11-26T09:56:30","slug":"filosofia","status":"publish","type":"page","link":"https:\/\/iesalhama.educacion.navarra.es\/web1\/departamentos\/filosofia\/","title":{"rendered":"Filosof\u00eda"},"content":{"rendered":"<header>\n<p style=\"padding-left: 60px\"><span style=\"text-decoration: underline\"><strong>JEFATURA de Departamento<\/strong><\/span><\/p>\n<ul>\n<li style=\"list-style-type: none\">\n<ul>\n<li style=\"list-style-type: none\">\n<ul>\n<li>\n<h5><strong>S\u00e1enz Barco, Mar\u00eda Teresa<\/strong><\/h5>\n<\/li>\n<\/ul>\n<\/li>\n<\/ul>\n<\/li>\n<\/ul>\n<p style=\"padding-left: 60px\"><span style=\"text-decoration: underline\"><strong>PROFESORADO del Departamento<\/strong><\/span><\/p>\n<ul>\n<li style=\"list-style-type: none\">\n<ul>\n<li style=\"list-style-type: none\">\n<ul>\n<li>\n<h5><b>De Dios Gonz\u00e1lez, Ana Isabel<\/b><\/h5>\n<\/li>\n<li>\n<h5><strong>Aparicio Mu\u00f1oz, Luis<\/strong><\/h5>\n<\/li>\n<\/ul>\n<\/li>\n<\/ul>\n<\/li>\n<\/ul>\n<p style=\"padding-left: 60px\"><strong><u>ASIGNATURAS\u00a0impartidas por el Departamento<\/u><\/strong><\/p>\n<ul>\n<li style=\"list-style-type: none\">\n<ul>\n<li style=\"list-style-type: none\">\n<ul>\n<li><a href=\"https:\/\/docs.google.com\/document\/d\/1UJ4atfLk2kAilKzPa4kDveFR7pc4TJrE\/edit?usp=sharing&amp;ouid=116746058571355435112&amp;rtpof=true&amp;sd=true\" target=\"_blank\" rel=\"noopener\"><strong><a href=\"https:\/\/docs.google.com\/document\/d\/1UJ4atfLk2kAilKzPa4kDveFR7pc4TJrE\/edit?usp=sharing&amp;ouid=116746058571355435112&amp;rtpof=true&amp;sd=true\" target=\"_blank\" rel=\"noopener\">1\u00ba ESO<\/a> Educaci\u00f3n en Valores C\u00edvicos y <\/strong><strong>\u00c9ticos<\/strong><strong>\u00a0<\/strong><\/a><strong><br \/><\/strong><\/li>\n<li><a href=\"https:\/\/docs.google.com\/document\/d\/1jDGYfU-ZcPZgxUUuP3yJbHMVjCpweKuG\/edit?usp=sharing&amp;ouid=116746058571355435112&amp;rtpof=true&amp;sd=true\" target=\"_blank\" rel=\"noopener\"><strong><a href=\"https:\/\/docs.google.com\/document\/d\/1jDGYfU-ZcPZgxUUuP3yJbHMVjCpweKuG\/edit?usp=sharing&amp;ouid=116746058571355435112&amp;rtpof=true&amp;sd=true\" target=\"_blank\" rel=\"noopener\">2\u00ba ESO<\/a> Educaci\u00f3n en <\/strong><strong>Valores <\/strong><strong>C<\/strong><strong>\u00edvicos <\/strong><strong>y \u00c9ticos\u00a0<\/strong><\/a><\/li>\n<li><a href=\"https:\/\/docs.google.com\/document\/d\/1VVCXekeEEHZwwZdEY61Gz0_HrhXh8jsQfqYjHtFKPrE\/edit?usp=sharing\" target=\"_blank\" rel=\"noopener\"><strong><a href=\"https:\/\/docs.google.com\/document\/d\/1VVCXekeEEHZwwZdEY61Gz0_HrhXh8jsQfqYjHtFKPrE\/edit?usp=sharing\" target=\"_blank\" rel=\"noopener\">1\u00ba BCH<\/a> Filosof\u00eda\u00a0<\/strong><\/a><\/li>\n<li><a href=\"https:\/\/docs.google.com\/document\/d\/102LpsyDWpHMd1t7JMfSKNuArtyKUDGwb\/edit\" target=\"_blank\" rel=\"noopener\"><strong>1\u00ba BCH Bio\u00e9tica<\/strong><\/a><\/li>\n<li><a href=\"https:\/\/docs.google.com\/document\/d\/1kwRMb_r5fbYozmbirla-DUIaiEdGMkBx68gl-zfcQGg\/edit?usp=sharing\" target=\"_blank\" rel=\"noopener\"><strong><a href=\"https:\/\/docs.google.com\/document\/d\/1kwRMb_r5fbYozmbirla-DUIaiEdGMkBx68gl-zfcQGg\/edit?usp=sharing\" target=\"_blank\" rel=\"noopener\">2\u00ba BCH<\/a> Historia de la Filosof\u00eda\u00a0\u00a0<\/strong><\/a><strong><br \/><\/strong><\/li>\n<\/ul>\n<\/li>\n<\/ul>\n<\/li>\n<\/ul>\n<ul>\n<li style=\"list-style-type: none\">\n<ul>\n<li style=\"list-style-type: none\">\u00a0<\/li>\n<\/ul>\n<\/li>\n<\/ul>\n<\/header>\n\n\n<p><\/p>\n","protected":false},"excerpt":{"rendered":"<p>JEFATURA de Departamento S\u00e1enz Barco, Mar\u00eda Teresa PROFESORADO del Departamento De Dios Gonz\u00e1lez, Ana Isabel Aparicio Mu\u00f1oz, Luis ASIGNATURAS\u00a0impartidas por el Departamento 1\u00ba ESO Educaci\u00f3n en Valores C\u00edvicos y \u00c9ticos\u00a0 2\u00ba ESO Educaci\u00f3n en Valores C\u00edvicos y \u00c9ticos\u00a0 1\u00ba BCH Filosof\u00eda\u00a0 1\u00ba BCH Bio\u00e9tica 2\u00ba BCH Historia de la Filosof\u00eda\u00a0\u00a0 \u00a0<\/p>\n","protected":false},"author":1,"featured_media":2304,"parent":1167,"menu_order":0,"comment_status":"closed","ping_status":"closed","template":"","meta":{"_genesis_hide_title":false,"_genesis_hide_breadcrumbs":false,"_genesis_hide_singular_image":false,"_genesis_hide_footer_widgets":false,"_genesis_custom_body_class":"","_genesis_custom_post_class":"","_genesis_layout":""},"_links":{"self":[{"href":"https:\/\/iesalhama.educacion.navarra.es\/web1\/wp-json\/wp\/v2\/pages\/1175"}],"collection":[{"href":"https:\/\/iesalhama.educacion.navarra.es\/web1\/wp-json\/wp\/v2\/pages"}],"about":[{"href":"https:\/\/iesalhama.educacion.navarra.es\/web1\/wp-json\/wp\/v2\/types\/page"}],"author":[{"embeddable":true,"href":"https:\/\/iesalhama.educacion.navarra.es\/web1\/wp-json\/wp\/v2\/users\/1"}],"replies":[{"embeddable":true,"href":"https:\/\/iesalhama.educacion.navarra.es\/web1\/wp-json\/wp\/v2\/comments?post=1175"}],"version-history":[{"count":81,"href":"https:\/\/iesalhama.educacion.navarra.es\/web1\/wp-json\/wp\/v2\/pages\/1175\/revisions"}],"predecessor-version":[{"id":13201,"href":"https:\/\/iesalhama.educacion.navarra.es\/web1\/wp-json\/wp\/v2\/pages\/1175\/revisions\/13201"}],"up":[{"embeddable":true,"href":"https:\/\/iesalhama.educacion.navarra.es\/web1\/wp-json\/wp\/v2\/pages\/1167"}],"wp:featuredmedia":[{"embeddable":true,"href":"https:\/\/iesalhama.educacion.navarra.es\/web1\/wp-json\/wp\/v2\/media\/2304"}],"wp:attachment":[{"href":"https:\/\/iesalhama.educacion.navarra.es\/web1\/wp-json\/wp\/v2\/media?parent=1175"}],"curies":[{"name":"wp","href":"https:\/\/api.w.org\/{rel}","templated":true}]}}