{"id":1179,"date":"2017-12-08T16:46:08","date_gmt":"2017-12-08T15:46:08","guid":{"rendered":"https:\/\/iesalhama.educacion.navarra.es\/web1\/?page_id=1179"},"modified":"2025-10-16T10:49:25","modified_gmt":"2025-10-16T08:49:25","slug":"musica","status":"publish","type":"page","link":"https:\/\/iesalhama.educacion.navarra.es\/web1\/departamentos\/musica\/","title":{"rendered":"M\u00fasica"},"content":{"rendered":"\n<div class=\"wp-container-1 wp-block-group\"><div class=\"wp-block-group__inner-container\">\n<div class=\"content clearfix\">\n<p style=\"padding-left: 60px\"><span style=\"text-decoration: underline\"><strong>JEFATURA de Departamento<\/strong><\/span><\/p>\n<ul>\n<li style=\"list-style-type: none\">\n<ul>\n<li style=\"list-style-type: none\">\n<ul>\n<li>\n<h5><span style=\"color: #000000\">Vel\u00e1zquez Pasquier, Mar\u00eda Isabel<\/span><\/h5>\n<\/li>\n<\/ul>\n<\/li>\n<\/ul>\n<\/li>\n<\/ul>\n<\/div>\n<p style=\"padding-left: 60px\"><span style=\"text-decoration: underline\"><strong>PROFESORADO del Departamento<\/strong><\/span><\/p>\n<ul>\n<li style=\"list-style-type: none\">\n<ul>\n<li style=\"list-style-type: none\">\n<ul>\n<li>\n<h5><span style=\"color: #000000\">Iba\u00f1ez Asa, Xabier<\/span><\/h5>\n<\/li>\n<li>\n<h5><span style=\"color: #000000\">Yera Clemente, Javier<\/span><\/h5>\n<\/li>\n<\/ul>\n<\/li>\n<\/ul>\n<\/li>\n<\/ul>\n<div class=\"content clearfix\">\n<p style=\"padding-left: 60px\">\u00a0<strong><u>ASIGNATURAS impartidas por el Departamento<\/u><\/strong><\/p>\n<ul>\n<li style=\"list-style-type: none\">\n<ul>\n<li style=\"list-style-type: none\">\n<ul>\n<li><strong><a href=\"https:\/\/docs.google.com\/document\/d\/18Gs4fIU5f_aZFsD5tkD4nW6LtsQFulG3pUxLWWGhd2A\/edit\" target=\"_blank\" rel=\"noreferrer noopener\">1\u00ba ESO M\u00fasica<\/a><\/strong><\/li>\n<li><strong><a href=\"https:\/\/docs.google.com\/document\/d\/1juagl7mCXI-KqkGbGQXuw_xTjeKuQgMSgL58vBBbqUE\/edit?usp=sharing\" target=\"_blank\" rel=\"noreferrer noopener\">3\u00ba ESO M\u00fasica<\/a><\/strong><\/li>\n<li><a href=\"https:\/\/docs.google.com\/document\/d\/1gbGN2VgzSvIySc-pA92fGA09_8R6rocEVDSJcYxKo5c\/edit?usp=sharing\" target=\"_blank\" rel=\"noopener\"><strong>4\u00ba ESO M\u00fasica Diversificaci\u00f3n<\/strong><\/a><\/li>\n<li><a href=\"https:\/\/docs.google.com\/document\/d\/1WYNdGT1jGlQB4vOGqe6ZXS3bC4XyL5JCG0govGDlBYE\/edit?usp=sharing\"><strong>1\u00ba BCH Producci\u00f3n Musical<\/strong><\/a><\/li>\n<\/ul>\n<\/li>\n<\/ul>\n<\/li>\n<\/ul>\n<\/div>\n<\/div><\/div>\n\n\n\n<p><\/p>\n","protected":false},"excerpt":{"rendered":"<p>JEFATURA de Departamento Vel\u00e1zquez Pasquier, Mar\u00eda Isabel PROFESORADO del Departamento Iba\u00f1ez Asa, Xabier Yera Clemente, Javier \u00a0ASIGNATURAS impartidas por el Departamento 1\u00ba ESO M\u00fasica 3\u00ba ESO M\u00fasica 4\u00ba ESO M\u00fasica Diversificaci\u00f3n 1\u00ba BCH Producci\u00f3n Musical<\/p>\n","protected":false},"author":1,"featured_media":0,"parent":1167,"menu_order":0,"comment_status":"closed","ping_status":"closed","template":"","meta":{"_genesis_hide_title":false,"_genesis_hide_breadcrumbs":false,"_genesis_hide_singular_image":false,"_genesis_hide_footer_widgets":false,"_genesis_custom_body_class":"","_genesis_custom_post_class":"","_genesis_layout":""},"_links":{"self":[{"href":"https:\/\/iesalhama.educacion.navarra.es\/web1\/wp-json\/wp\/v2\/pages\/1179"}],"collection":[{"href":"https:\/\/iesalhama.educacion.navarra.es\/web1\/wp-json\/wp\/v2\/pages"}],"about":[{"href":"https:\/\/iesalhama.educacion.navarra.es\/web1\/wp-json\/wp\/v2\/types\/page"}],"author":[{"embeddable":true,"href":"https:\/\/iesalhama.educacion.navarra.es\/web1\/wp-json\/wp\/v2\/users\/1"}],"replies":[{"embeddable":true,"href":"https:\/\/iesalhama.educacion.navarra.es\/web1\/wp-json\/wp\/v2\/comments?post=1179"}],"version-history":[{"count":35,"href":"https:\/\/iesalhama.educacion.navarra.es\/web1\/wp-json\/wp\/v2\/pages\/1179\/revisions"}],"predecessor-version":[{"id":13076,"href":"https:\/\/iesalhama.educacion.navarra.es\/web1\/wp-json\/wp\/v2\/pages\/1179\/revisions\/13076"}],"up":[{"embeddable":true,"href":"https:\/\/iesalhama.educacion.navarra.es\/web1\/wp-json\/wp\/v2\/pages\/1167"}],"wp:attachment":[{"href":"https:\/\/iesalhama.educacion.navarra.es\/web1\/wp-json\/wp\/v2\/media?parent=1179"}],"curies":[{"name":"wp","href":"https:\/\/api.w.org\/{rel}","templated":true}]}}