{"id":11860,"date":"2024-10-18T09:38:20","date_gmt":"2024-10-18T07:38:20","guid":{"rendered":"https:\/\/iesalhama.educacion.navarra.es\/web1\/?page_id=11860"},"modified":"2024-10-18T09:41:57","modified_gmt":"2024-10-18T07:41:57","slug":"peticion-cita-con-orientacion","status":"publish","type":"page","link":"https:\/\/iesalhama.educacion.navarra.es\/web1\/peticion-cita-con-orientacion\/","title":{"rendered":"Petici\u00f3n cita con Orientaci\u00f3n"},"content":{"rendered":"\n<p><a href=\"https:\/\/docs.google.com\/forms\/d\/e\/1FAIpQLSdREdrLLbLceKuYqjy9GzKYqqWn66TrxxJbcDqWLFMy64Kk7A\/viewform?pli=1\" target=\"_blank\" rel=\"noreferrer noopener\">Pincha aqu\u00ed para realizar la petici\u00f3n de cita con Orientaci\u00f3n<\/a><\/p>\n","protected":false},"excerpt":{"rendered":"<p>Pincha aqu\u00ed para realizar la petici\u00f3n de cita con Orientaci\u00f3n<\/p>\n","protected":false},"author":13,"featured_media":0,"parent":0,"menu_order":0,"comment_status":"closed","ping_status":"closed","template":"","meta":{"_genesis_hide_title":false,"_genesis_hide_breadcrumbs":false,"_genesis_hide_singular_image":false,"_genesis_hide_footer_widgets":false,"_genesis_custom_body_class":"","_genesis_custom_post_class":"","_genesis_layout":""},"_links":{"self":[{"href":"https:\/\/iesalhama.educacion.navarra.es\/web1\/wp-json\/wp\/v2\/pages\/11860"}],"collection":[{"href":"https:\/\/iesalhama.educacion.navarra.es\/web1\/wp-json\/wp\/v2\/pages"}],"about":[{"href":"https:\/\/iesalhama.educacion.navarra.es\/web1\/wp-json\/wp\/v2\/types\/page"}],"author":[{"embeddable":true,"href":"https:\/\/iesalhama.educacion.navarra.es\/web1\/wp-json\/wp\/v2\/users\/13"}],"replies":[{"embeddable":true,"href":"https:\/\/iesalhama.educacion.navarra.es\/web1\/wp-json\/wp\/v2\/comments?post=11860"}],"version-history":[{"count":2,"href":"https:\/\/iesalhama.educacion.navarra.es\/web1\/wp-json\/wp\/v2\/pages\/11860\/revisions"}],"predecessor-version":[{"id":11865,"href":"https:\/\/iesalhama.educacion.navarra.es\/web1\/wp-json\/wp\/v2\/pages\/11860\/revisions\/11865"}],"wp:attachment":[{"href":"https:\/\/iesalhama.educacion.navarra.es\/web1\/wp-json\/wp\/v2\/media?parent=11860"}],"curies":[{"name":"wp","href":"https:\/\/api.w.org\/{rel}","templated":true}]}}