{"id":1191,"date":"2017-12-08T16:49:29","date_gmt":"2017-12-08T15:49:29","guid":{"rendered":"https:\/\/iesalhama.educacion.navarra.es\/web1\/?page_id=1191"},"modified":"2025-11-26T10:53:42","modified_gmt":"2025-11-26T09:53:42","slug":"educacion-fisica","status":"publish","type":"page","link":"https:\/\/iesalhama.educacion.navarra.es\/web1\/departamentos\/educacion-fisica\/","title":{"rendered":"Educaci\u00f3n F\u00edsica"},"content":{"rendered":"<div class=\"content clearfix\">\n<p style=\"padding-left: 60px\"><span style=\"text-decoration: underline\"><strong>JEFATURA de Departamento<\/strong><\/span><\/p>\n<ul>\n<li style=\"list-style-type: none\">\n<ul>\n<li style=\"list-style-type: none\">\n<ul>\n<li>\n<h5><strong>Pe\u00f1a De Marcos, To\u00f1o<\/strong><\/h5>\n<\/li>\n<\/ul>\n<\/li>\n<\/ul>\n<\/li>\n<\/ul>\n<p style=\"padding-left: 60px\"><span style=\"text-decoration: underline\"><strong>PROFESORADO\u00a0del Departamento<\/strong><\/span><\/p>\n<ul>\n<li style=\"list-style-type: none\">\n<ul>\n<li style=\"list-style-type: none\">\n<ul>\n<li>\n<h5><strong>Ramos Est\u00e9vez, Mar\u00eda Vanesa<\/strong><\/h5>\n<\/li>\n<li>\n<h5><strong>Santed Lleonart, M\u00f3nica<\/strong><\/h5>\n<\/li>\n<li>\n<h5><strong>Say\u00e9s Chueca, Jes\u00fas<\/strong><\/h5>\n<\/li>\n<li>\n<h5><strong>Zubiri Mart\u00ednez, Jon<\/strong><\/h5>\n<\/li>\n<\/ul>\n<\/li>\n<\/ul>\n<\/li>\n<\/ul>\n<p style=\"padding-left: 60px\"><strong><u>ASIGNATURAS\u00a0impartidas por el Departamento<\/u><\/strong><\/p>\n<ul>\n<li style=\"list-style-type: none\">\n<ul>\n<li style=\"list-style-type: none\">\n<ul>\n<li><a href=\"https:\/\/docs.google.com\/document\/d\/1jj7A6v6-BfxiA6pQGv5zf4rD73ByMKBpFsFbu04DpDE\/edit\" target=\"_blank\" rel=\"noopener noreferrer\"><strong>1\u00ba ESO\u00a0 Educaci\u00f3n F\u00edsica<\/strong><\/a><\/li>\n<li><a href=\"https:\/\/docs.google.com\/document\/d\/1EMYeHeuJD4n_19xxd-nh12MfHCcwyhcya4CTj3Y1xKU\/edit\" target=\"_blank\" rel=\"noopener noreferrer\"><strong>2\u00ba ESO\u00a0 Educaci\u00f3n F\u00edsica<\/strong><\/a><\/li>\n<li><a href=\"https:\/\/docs.google.com\/document\/d\/1EMYeHeuJD4n_19xxd-nh12MfHCcwyhcya4CTj3Y1xKU\/edit?tab=t.0\" target=\"_blank\" rel=\"noopener\"><strong>2\u00ba ESO Cooperaci\u00f3n y juegos predeportivos<\/strong><\/a><\/li>\n<li><a href=\"https:\/\/docs.google.com\/document\/d\/1qlwFtxGUTwcKD-52RnO803DC5LrFybc9lfMqkAdPF2Q\/edit\" target=\"_blank\" rel=\"noopener noreferrer\"><strong>3\u00ba ESO\u00a0 Educaci\u00f3n F\u00edsica<\/strong><\/a><\/li>\n<li><a href=\"https:\/\/docs.google.com\/document\/d\/11vmtYq4J13zs2y6AWNOqnBoi8yZ5nJWLtXXj7JJkqDo\/edit\" target=\"_blank\" rel=\"noopener noreferrer\"><strong>4\u00ba ESO\u00a0 Educaci\u00f3n F\u00edsica<\/strong><\/a><\/li>\n<li><a href=\"https:\/\/docs.google.com\/document\/d\/1EMYeHeuJD4n_19xxd-nh12MfHCcwyhcya4CTj3Y1xKU\/edit?tab=t.0\" target=\"_blank\" rel=\"noopener\"><strong>4\u00ba ESO Fitness y salud<\/strong><\/a><\/li>\n<li><a href=\"https:\/\/docs.google.com\/document\/d\/1iL5hqnU4ZdwbwHSsHMvr6LDVlS_-7hZA8m2o1IRuU1g\/edit\" target=\"_blank\" rel=\"noopener noreferrer\"><strong>3\u00ba DC\u00a0 Educaci\u00f3n F\u00edsica<\/strong><\/a><\/li>\n<li><a href=\"https:\/\/docs.google.com\/document\/d\/1Dc-yMmW4kPTllnJNa9-y8qSnZw52vDtyPqRJVoB6_Z0\/edit\" target=\"_blank\" rel=\"noopener noreferrer\"><strong>1\u00ba BCH\u00a0 Educaci\u00f3n F\u00edsica<\/strong><\/a><\/li>\n<li><strong><a href=\"https:\/\/docs.google.com\/document\/d\/1LeICHF7uCeEvZWaEBlzgod8Mb48Gfk3BJAwrGThjCnI\/edit?usp=sharing\">2\u00ba BCH Actividad F\u00edsica, Salud y Entrenamiento Personal<\/a><\/strong><\/li>\n<\/ul>\n<\/li>\n<\/ul>\n<\/li>\n<\/ul>\n<p style=\"padding-left: 60px\">\u00a0<\/p>\n<\/div>\n\n\n<p><\/p>\n","protected":false},"excerpt":{"rendered":"<p>JEFATURA de Departamento Pe\u00f1a De Marcos, To\u00f1o PROFESORADO\u00a0del Departamento Ramos Est\u00e9vez, Mar\u00eda Vanesa Santed Lleonart, M\u00f3nica Say\u00e9s Chueca, Jes\u00fas Zubiri Mart\u00ednez, Jon ASIGNATURAS\u00a0impartidas por el Departamento 1\u00ba ESO\u00a0 Educaci\u00f3n F\u00edsica 2\u00ba ESO\u00a0 Educaci\u00f3n F\u00edsica 2\u00ba ESO Cooperaci\u00f3n y juegos predeportivos 3\u00ba ESO\u00a0 Educaci\u00f3n F\u00edsica 4\u00ba ESO\u00a0 Educaci\u00f3n F\u00edsica 4\u00ba ESO Fitness y salud 3\u00ba DC\u00a0 [&hellip;]<\/p>\n","protected":false},"author":1,"featured_media":0,"parent":1167,"menu_order":0,"comment_status":"closed","ping_status":"closed","template":"","meta":{"_genesis_hide_title":false,"_genesis_hide_breadcrumbs":false,"_genesis_hide_singular_image":false,"_genesis_hide_footer_widgets":false,"_genesis_custom_body_class":"","_genesis_custom_post_class":"","_genesis_layout":""},"_links":{"self":[{"href":"https:\/\/iesalhama.educacion.navarra.es\/web1\/wp-json\/wp\/v2\/pages\/1191"}],"collection":[{"href":"https:\/\/iesalhama.educacion.navarra.es\/web1\/wp-json\/wp\/v2\/pages"}],"about":[{"href":"https:\/\/iesalhama.educacion.navarra.es\/web1\/wp-json\/wp\/v2\/types\/page"}],"author":[{"embeddable":true,"href":"https:\/\/iesalhama.educacion.navarra.es\/web1\/wp-json\/wp\/v2\/users\/1"}],"replies":[{"embeddable":true,"href":"https:\/\/iesalhama.educacion.navarra.es\/web1\/wp-json\/wp\/v2\/comments?post=1191"}],"version-history":[{"count":25,"href":"https:\/\/iesalhama.educacion.navarra.es\/web1\/wp-json\/wp\/v2\/pages\/1191\/revisions"}],"predecessor-version":[{"id":13200,"href":"https:\/\/iesalhama.educacion.navarra.es\/web1\/wp-json\/wp\/v2\/pages\/1191\/revisions\/13200"}],"up":[{"embeddable":true,"href":"https:\/\/iesalhama.educacion.navarra.es\/web1\/wp-json\/wp\/v2\/pages\/1167"}],"wp:attachment":[{"href":"https:\/\/iesalhama.educacion.navarra.es\/web1\/wp-json\/wp\/v2\/media?parent=1191"}],"curies":[{"name":"wp","href":"https:\/\/api.w.org\/{rel}","templated":true}]}}