{"id":1193,"date":"2017-12-08T16:50:01","date_gmt":"2017-12-08T15:50:01","guid":{"rendered":"https:\/\/iesalhama.educacion.navarra.es\/web1\/?page_id=1193"},"modified":"2025-10-17T10:08:51","modified_gmt":"2025-10-17T08:08:51","slug":"orientacion","status":"publish","type":"page","link":"https:\/\/iesalhama.educacion.navarra.es\/web1\/departamentos\/orientacion\/","title":{"rendered":"Orientaci\u00f3n"},"content":{"rendered":"<div class=\"content clearfix\">\n<p style=\"padding-left: 60px\"><span style=\"text-decoration: underline\"><strong>JEFATURA de Departamento<\/strong><\/span><\/p>\n<ul>\n<li style=\"list-style-type: none\">\n<ul>\n<li style=\"list-style-type: none\">\n<ul>\n<li>\n<h5><strong>Marcilla Sobejano, Virginia<\/strong><\/h5>\n<\/li>\n<\/ul>\n<\/li>\n<\/ul>\n<\/li>\n<\/ul>\n<p style=\"padding-left: 60px\"><span style=\"text-decoration: underline\"><strong>PROFESORADO\u00a0del Departamento<\/strong><\/span><strong>\u00a0<\/strong><\/p>\n<ul>\n<li style=\"list-style-type: none\">\n<ul>\n<li style=\"list-style-type: none\">\n<ul>\n<li>\n<h5><strong>Cuba Collao, Milagros Katherine<\/strong><\/h5>\n<\/li>\n<li>\n<h5><strong>Chivite Mart\u00ednez, Jos\u00e9 Javier (Cocina y Restauraci\u00f3n)<\/strong><\/h5>\n<\/li>\n<li>\n<h5><strong>Docampo Us\u00f3n, Laura<\/strong><\/h5>\n<\/li>\n<li>\n<h5><strong>Herrero Garc\u00eda, Roc\u00edo<\/strong><\/h5>\n<\/li>\n<li>\n<h5><strong>Hurtado Altarriba, Arantxa<\/strong><\/h5>\n<\/li>\n<li>\n<h5><strong>Jim\u00e9nez Benito, Ana Bel\u00e9n (PT)<\/strong><\/h5>\n<\/li>\n<li>\n<h5><strong>Mart\u00edn G\u00f3mez, Ana Rosa (\u00c1mbito socioling\u00fc\u00edstico)<\/strong><\/h5>\n<\/li>\n<li>\n<h5><strong>Madrazo Ranero, Pilar (\u00c1mbito cient\u00edfico T\u00e9cnico)<\/strong><\/h5>\n<\/li>\n<li>\n<h5><strong>Paredes Rojas, Adriana Jazm\u00edn<\/strong><\/h5>\n<\/li>\n<li>\n<h5><strong>Qui\u00f1ones Gurrea, Roberto (Cocina y Restauraci\u00f3n)<\/strong><\/h5>\n<\/li>\n<li>\n<h5><strong>S\u00e1nchez P\u00e9rez, Amaranta<\/strong><\/h5>\n<\/li>\n<\/ul>\n<\/li>\n<\/ul>\n<\/li>\n<\/ul>\n<p style=\"padding-left: 60px\"><strong><u>ASIGNATURAS\u00a0impartidas por el Departamento<\/u><\/strong><\/p>\n<ul>\n<li style=\"list-style-type: none\">\n<ul>\n<li style=\"list-style-type: none\">\n<ul>\n<li><a href=\"https:\/\/docs.google.com\/document\/d\/1baTL7qCfw1RbTeE32CWvV5uodPDWHhDdj96Jc5Y_gfQ\/edit?usp=sharing\" target=\"_blank\" rel=\"noopener noreferrer\"><strong>3\u00ba DC \u00c1mbito cient\u00edfico matem\u00e1tico<\/strong><\/a><\/li>\n<li><a href=\"https:\/\/docs.google.com\/document\/d\/15rZlCIWPqJGBzpigCsp_2V7EXe2aAHXv4A9EAjH6srQ\/edit?usp=sharing\" target=\"_blank\" rel=\"noopener noreferrer\"><strong>3\u00ba DC \u00c1mbito Socioling\u00fc\u00edstico<\/strong><\/a><\/li>\n<li><a href=\"https:\/\/docs.google.com\/document\/d\/1FX3ZiH86rwD39kqH063Yt1AEqSBosEiz\/edit?usp=sharing&amp;ouid=109868963713378576113&amp;rtpof=true&amp;sd=true\" target=\"_blank\" rel=\"noopener noreferrer\"><strong>4\u00ba DC \u00c1mbito cient\u00edfico matem\u00e1tico<\/strong><\/a><\/li>\n<li><a href=\"https:\/\/docs.google.com\/document\/d\/1mpo5wtB_rSUs9Rmw0FYLd6t4FUd0cfkmDqxoIQREV6k\/edit?usp=sharing\" target=\"_blank\" rel=\"noopener noreferrer\"><strong>4\u00ba DC \u00c1mbito Socioling\u00fc\u00edstico<\/strong><\/a><\/li>\n<li><a href=\"https:\/\/docs.google.com\/document\/d\/1w8KICuqHjjF-RTamVdf604PBa0WuQ7WE84NszuwRsWA\/edit?usp=sharing\" target=\"_blank\" rel=\"noopener noreferrer\"><strong>1\u00ba FPB Ciencias aplicadas I<\/strong><\/a><\/li>\n<li><a href=\"https:\/\/docs.google.com\/document\/d\/1JijMsRd8lKe8_cXO4ivj5V3uiDBsRkzDLirGuJO7pqs\/edit?usp=sharing\" target=\"_blank\" rel=\"noopener noreferrer\"><strong>1\u00ba FPB Comunicaci\u00f3n y sociedad I<\/strong><\/a><\/li>\n<li><a href=\"https:\/\/docs.google.com\/document\/d\/1TqIJdC3vahytUr95CP4pvLURua-YoNEQo4NazH6c0to\/edit?usp=sharing\" target=\"_blank\" rel=\"noopener noreferrer\"><strong>1\u00ba FPB M\u00f3dulos profesionales<\/strong><\/a><\/li>\n<li><a href=\"https:\/\/docs.google.com\/document\/d\/1SOdr1uUktPGsXe-gW3VhLrRvjgzJTH1J-f0p3FgT0KA\/edit?usp=sharing\" target=\"_blank\" rel=\"noopener noreferrer\"><strong>2\u00ba FPB Ciencias aplicadas II<\/strong><\/a><\/li>\n<li><a href=\"https:\/\/docs.google.com\/document\/d\/1ncbJWPFlK_utLLHKb46rzMfCp83QxN4dGavL6eKRJNc\/edit?usp=sharing\" target=\"_blank\" rel=\"noopener noreferrer\"><strong>2\u00ba FPB Comunicaci\u00f3n y sociedad II<\/strong><\/a><\/li>\n<li><a href=\"https:\/\/docs.google.com\/document\/d\/19Bg073NB_SG7su6PYvbW_x7oF5Ci2EHNNoaoFTrzIJM\/edit?usp=sharing\" target=\"_blank\" rel=\"noopener noreferrer\"><strong>2\u00ba FPB M\u00f3dulos profesionales<\/strong><\/a><\/li>\n<\/ul>\n<\/li>\n<\/ul>\n<\/li>\n<\/ul>\n<\/div>\n\n\n<p><\/p>\n","protected":false},"excerpt":{"rendered":"<p>JEFATURA de Departamento Marcilla Sobejano, Virginia PROFESORADO\u00a0del Departamento\u00a0 Cuba Collao, Milagros Katherine Chivite Mart\u00ednez, Jos\u00e9 Javier (Cocina y Restauraci\u00f3n) Docampo Us\u00f3n, Laura Herrero Garc\u00eda, Roc\u00edo Hurtado Altarriba, Arantxa Jim\u00e9nez Benito, Ana Bel\u00e9n (PT) Mart\u00edn G\u00f3mez, Ana Rosa (\u00c1mbito socioling\u00fc\u00edstico) Madrazo Ranero, Pilar (\u00c1mbito cient\u00edfico T\u00e9cnico) Paredes Rojas, Adriana Jazm\u00edn Qui\u00f1ones Gurrea, Roberto (Cocina y Restauraci\u00f3n) [&hellip;]<\/p>\n","protected":false},"author":1,"featured_media":0,"parent":1167,"menu_order":0,"comment_status":"closed","ping_status":"closed","template":"","meta":{"_genesis_hide_title":false,"_genesis_hide_breadcrumbs":false,"_genesis_hide_singular_image":false,"_genesis_hide_footer_widgets":false,"_genesis_custom_body_class":"","_genesis_custom_post_class":"","_genesis_layout":""},"_links":{"self":[{"href":"https:\/\/iesalhama.educacion.navarra.es\/web1\/wp-json\/wp\/v2\/pages\/1193"}],"collection":[{"href":"https:\/\/iesalhama.educacion.navarra.es\/web1\/wp-json\/wp\/v2\/pages"}],"about":[{"href":"https:\/\/iesalhama.educacion.navarra.es\/web1\/wp-json\/wp\/v2\/types\/page"}],"author":[{"embeddable":true,"href":"https:\/\/iesalhama.educacion.navarra.es\/web1\/wp-json\/wp\/v2\/users\/1"}],"replies":[{"embeddable":true,"href":"https:\/\/iesalhama.educacion.navarra.es\/web1\/wp-json\/wp\/v2\/comments?post=1193"}],"version-history":[{"count":36,"href":"https:\/\/iesalhama.educacion.navarra.es\/web1\/wp-json\/wp\/v2\/pages\/1193\/revisions"}],"predecessor-version":[{"id":13202,"href":"https:\/\/iesalhama.educacion.navarra.es\/web1\/wp-json\/wp\/v2\/pages\/1193\/revisions\/13202"}],"up":[{"embeddable":true,"href":"https:\/\/iesalhama.educacion.navarra.es\/web1\/wp-json\/wp\/v2\/pages\/1167"}],"wp:attachment":[{"href":"https:\/\/iesalhama.educacion.navarra.es\/web1\/wp-json\/wp\/v2\/media?parent=1193"}],"curies":[{"name":"wp","href":"https:\/\/api.w.org\/{rel}","templated":true}]}}