{"id":1199,"date":"2017-12-08T16:51:55","date_gmt":"2017-12-08T15:51:55","guid":{"rendered":"https:\/\/iesalhama.educacion.navarra.es\/web1\/?page_id=1199"},"modified":"2025-11-12T10:42:27","modified_gmt":"2025-11-12T09:42:27","slug":"ciencias-naturales","status":"publish","type":"page","link":"https:\/\/iesalhama.educacion.navarra.es\/web1\/departamentos\/ciencias-naturales\/","title":{"rendered":"Biolog\u00eda y Geolog\u00eda"},"content":{"rendered":"<p style=\"padding-left: 60px\"><span style=\"text-decoration: underline\"><strong>JEFATURA de Departamento<\/strong><\/span><\/p>\n<ul>\n<li style=\"list-style-type: none\">\n<ul>\n<li style=\"list-style-type: none\">\n<ul>\n<li>\n<h5><strong>Lana Calvo, Cristina<\/strong><\/h5>\n<\/li>\n<\/ul>\n<\/li>\n<\/ul>\n<\/li>\n<\/ul>\n<p style=\"padding-left: 60px\"><span style=\"text-decoration: underline\"><strong>PROFESORADO\u00a0del Departamento<\/strong><\/span><\/p>\n<ul>\n<li style=\"list-style-type: none\">\n<ul>\n<li style=\"list-style-type: none\">\n<ul>\n<li>\n<h5><strong>Gonz\u00e1lez Urchaga, \u00c1ngela<\/strong><\/h5>\n<\/li>\n<li>\n<h5><strong>Hichou Asraqui Hariz, Bachir<\/strong><\/h5>\n<\/li>\n<li>\n<h5><strong>Mart\u00ednez Mart\u00ednez, Luc\u00eda<\/strong><\/h5>\n<\/li>\n<\/ul>\n<\/li>\n<\/ul>\n<\/li>\n<\/ul>\n<p style=\"padding-left: 60px\"><strong><u>ASIGNATURAS\u00a0impartidas por el Departamento<\/u><\/strong><\/p>\n<ul>\n<li style=\"list-style-type: none\">\n<ul>\n<li style=\"list-style-type: none\">\n<ul>\n<li><a href=\"https:\/\/docs.google.com\/document\/d\/1Z_YW0PKqpThNLlGeSGW3nbPgNNMBkP7YHbnfBe4VLMc\/edit\" target=\"_blank\" rel=\"noopener noreferrer\"><strong>1\u00ba ESO Biolog\u00eda y Geolog\u00eda<\/strong><\/a><\/li>\n<li><a href=\"https:\/\/docs.google.com\/document\/d\/1XVEe5r9vkS-UeOS1NiR4WNnb_wnV1JvZ1_KlyYoF2gs\/edit\" target=\"_blank\" rel=\"noopener noreferrer\"><strong>3\u00ba ESO Biolog\u00eda y Geolog\u00eda<\/strong><\/a><\/li>\n<li><a href=\"https:\/\/docs.google.com\/document\/d\/1xrt0P6Jk_XP_FyX5NkYipwFDwyiuAoTzDPlE8gkFZcU\/edit?tab=t.0\" target=\"_blank\" rel=\"noopener noreferrer\"><strong>3\u00ba ESO Educaci\u00f3n para la salud<\/strong><\/a><\/li>\n<li><a href=\"https:\/\/docs.google.com\/document\/d\/1Gyi7_gvRQTBGbzLG0Jy7mp_CQtPI1PoJ1EJfFXHj3Vo\/edit\" target=\"_blank\" rel=\"noopener noreferrer\"><strong>4\u00ba ESO Biolog\u00eda y Geolog\u00eda<\/strong><\/a><\/li>\n<li><a href=\"https:\/\/docs.google.com\/document\/d\/1i3_FbjmdBnicc86-bQc2yqYONEBWELVAXmntt_SPXVs\/edit\" target=\"_blank\" rel=\"noopener noreferrer\"><strong>1\u00ba BCH Biolog\u00eda, Geolog\u00eda y Ciencias Ambientales<\/strong><\/a><\/li>\n<li><a href=\"https:\/\/docs.google.com\/document\/d\/1FChnRHlrrywWcBJkKi0ufLKtB00bt7qJCZMss1e7Ibo\/edit\" target=\"_blank\" rel=\"noopener noreferrer\"><strong>1\u00ba BCH Anatom\u00eda Aplicada<\/strong><\/a><\/li>\n<li><a href=\"https:\/\/docs.google.com\/document\/d\/18CqGknMQhjJGc617xvuucBuRo5M1RI2g8Wh-uKnds3o\/edit\" target=\"_blank\" rel=\"noopener noreferrer\"><strong>2\u00ba BCH Biolog\u00eda<\/strong><\/a><\/li>\n<\/ul>\n<\/li>\n<\/ul>\n<\/li>\n<\/ul>\n\n\n<p><\/p>\n","protected":false},"excerpt":{"rendered":"<p>JEFATURA de Departamento Lana Calvo, Cristina PROFESORADO\u00a0del Departamento Gonz\u00e1lez Urchaga, \u00c1ngela Hichou Asraqui Hariz, Bachir Mart\u00ednez Mart\u00ednez, Luc\u00eda ASIGNATURAS\u00a0impartidas por el Departamento 1\u00ba ESO Biolog\u00eda y Geolog\u00eda 3\u00ba ESO Biolog\u00eda y Geolog\u00eda 3\u00ba ESO Educaci\u00f3n para la salud 4\u00ba ESO Biolog\u00eda y Geolog\u00eda 1\u00ba BCH Biolog\u00eda, Geolog\u00eda y Ciencias Ambientales 1\u00ba BCH Anatom\u00eda Aplicada 2\u00ba [&hellip;]<\/p>\n","protected":false},"author":1,"featured_media":0,"parent":1167,"menu_order":0,"comment_status":"closed","ping_status":"closed","template":"","meta":{"_genesis_hide_title":false,"_genesis_hide_breadcrumbs":false,"_genesis_hide_singular_image":false,"_genesis_hide_footer_widgets":false,"_genesis_custom_body_class":"","_genesis_custom_post_class":"","_genesis_layout":""},"_links":{"self":[{"href":"https:\/\/iesalhama.educacion.navarra.es\/web1\/wp-json\/wp\/v2\/pages\/1199"}],"collection":[{"href":"https:\/\/iesalhama.educacion.navarra.es\/web1\/wp-json\/wp\/v2\/pages"}],"about":[{"href":"https:\/\/iesalhama.educacion.navarra.es\/web1\/wp-json\/wp\/v2\/types\/page"}],"author":[{"embeddable":true,"href":"https:\/\/iesalhama.educacion.navarra.es\/web1\/wp-json\/wp\/v2\/users\/1"}],"replies":[{"embeddable":true,"href":"https:\/\/iesalhama.educacion.navarra.es\/web1\/wp-json\/wp\/v2\/comments?post=1199"}],"version-history":[{"count":30,"href":"https:\/\/iesalhama.educacion.navarra.es\/web1\/wp-json\/wp\/v2\/pages\/1199\/revisions"}],"predecessor-version":[{"id":13166,"href":"https:\/\/iesalhama.educacion.navarra.es\/web1\/wp-json\/wp\/v2\/pages\/1199\/revisions\/13166"}],"up":[{"embeddable":true,"href":"https:\/\/iesalhama.educacion.navarra.es\/web1\/wp-json\/wp\/v2\/pages\/1167"}],"wp:attachment":[{"href":"https:\/\/iesalhama.educacion.navarra.es\/web1\/wp-json\/wp\/v2\/media?parent=1199"}],"curies":[{"name":"wp","href":"https:\/\/api.w.org\/{rel}","templated":true}]}}