{"id":1219,"date":"2017-12-08T16:57:10","date_gmt":"2017-12-08T15:57:10","guid":{"rendered":"https:\/\/iesalhama.educacion.navarra.es\/web1\/?page_id=1219"},"modified":"2025-02-14T13:59:16","modified_gmt":"2025-02-14T12:59:16","slug":"familias","status":"publish","type":"page","link":"https:\/\/iesalhama.educacion.navarra.es\/web1\/familias\/","title":{"rendered":"Familias"},"content":{"rendered":"<h2 style=\"text-align: center\">Informaci\u00f3n para las familias<\/h2>\n<p>1. La direcci\u00f3n para que las familias accedan a EDUCA es:\u00a0\u00a0<a href=\"https:\/\/educa.navarra.es\/familias\/\" target=\"_blank\" rel=\"noopener\">\u00a0<\/a><a href=\"https:\/\/educa.navarra.es\/familias\/\" target=\"_blank\" rel=\"noopener\"><strong>https:\/\/educa.navarra.es\/familias\/<\/strong><\/a><\/p>\n<p>2.\u00a0En estos documentos pod\u00e9is encontrar pautas y orientaciones sobre la educaci\u00f3n de vuestros hijos.<\/p>\n<ul>\n<li><strong>\u00a0<a href=\"https:\/\/iesalhama.educacion.navarra.es\/web1\/wp-content\/uploads\/2013\/03\/Ayudar a nuestros hijos en los estudios CEAPA.pdf\" target=\"_blank\" rel=\"noopener\">Ayudar a nuestros hijos<\/a><\/strong><\/li>\n<li><a href=\"https:\/\/iesalhama.educacion.navarra.es\/web1\/wp-content\/uploads\/2013\/03\/Como afrontar las burlas.pdf\" target=\"_blank\" rel=\"noopener\"><strong>C\u00f3mo afrontar las burlas<\/strong><\/a><\/li>\n<li><strong><a href=\"https:\/\/iesalhama.educacion.navarra.es\/web1\/wp-content\/uploads\/2013\/03\/Los padres frente al BOTELLON.pdf\" target=\"_blank\" rel=\"noopener\">Los padres frente al BOTELL\u00d3N<\/a><\/strong><\/li>\n<li><strong><a href=\"https:\/\/iesalhama.educacion.navarra.es\/web1\/wp-content\/uploads\/2013\/03\/No siempre son los hijos de los demas.pdf\" target=\"_blank\" rel=\"noopener\">No siempre son los hijos de los dem\u00e1s<\/a><\/strong><\/li>\n<li><strong><a href=\"https:\/\/iesalhama.educacion.navarra.es\/web1\/wp-content\/uploads\/2013\/03\/Prevenir el acosos desde la familia.pdf\" target=\"_blank\" rel=\"noopener\">Prevenir el acoso desde las familias<\/a><\/strong><\/li>\n<li><strong><a href=\"https:\/\/iesalhama.educacion.navarra.es\/web1\/wp-content\/uploads\/2013\/03\/Como educar en positivo 1.pdf\" target=\"_blank\" rel=\"noopener\">C\u00f3mo educar en positivo<\/a><\/strong><\/li>\n<\/ul>\n","protected":false},"excerpt":{"rendered":"<p>Informaci\u00f3n para las familias 1. La direcci\u00f3n para que las familias accedan a EDUCA es:\u00a0\u00a0\u00a0https:\/\/educa.navarra.es\/familias\/ 2.\u00a0En estos documentos pod\u00e9is encontrar pautas y orientaciones sobre la educaci\u00f3n de vuestros hijos. \u00a0Ayudar a nuestros hijos C\u00f3mo afrontar las burlas Los padres frente al BOTELL\u00d3N No siempre son los hijos de los dem\u00e1s Prevenir el acoso desde las [&hellip;]<\/p>\n","protected":false},"author":1,"featured_media":0,"parent":0,"menu_order":0,"comment_status":"closed","ping_status":"closed","template":"","meta":{"_genesis_hide_title":false,"_genesis_hide_breadcrumbs":false,"_genesis_hide_singular_image":false,"_genesis_hide_footer_widgets":false,"_genesis_custom_body_class":"","_genesis_custom_post_class":"","_genesis_layout":""},"_links":{"self":[{"href":"https:\/\/iesalhama.educacion.navarra.es\/web1\/wp-json\/wp\/v2\/pages\/1219"}],"collection":[{"href":"https:\/\/iesalhama.educacion.navarra.es\/web1\/wp-json\/wp\/v2\/pages"}],"about":[{"href":"https:\/\/iesalhama.educacion.navarra.es\/web1\/wp-json\/wp\/v2\/types\/page"}],"author":[{"embeddable":true,"href":"https:\/\/iesalhama.educacion.navarra.es\/web1\/wp-json\/wp\/v2\/users\/1"}],"replies":[{"embeddable":true,"href":"https:\/\/iesalhama.educacion.navarra.es\/web1\/wp-json\/wp\/v2\/comments?post=1219"}],"version-history":[{"count":14,"href":"https:\/\/iesalhama.educacion.navarra.es\/web1\/wp-json\/wp\/v2\/pages\/1219\/revisions"}],"predecessor-version":[{"id":12322,"href":"https:\/\/iesalhama.educacion.navarra.es\/web1\/wp-json\/wp\/v2\/pages\/1219\/revisions\/12322"}],"wp:attachment":[{"href":"https:\/\/iesalhama.educacion.navarra.es\/web1\/wp-json\/wp\/v2\/media?parent=1219"}],"curies":[{"name":"wp","href":"https:\/\/api.w.org\/{rel}","templated":true}]}}