{"id":1223,"date":"2017-12-08T16:58:02","date_gmt":"2017-12-08T15:58:02","guid":{"rendered":"https:\/\/iesalhama.educacion.navarra.es\/web1\/?page_id=1223"},"modified":"2024-05-29T19:01:38","modified_gmt":"2024-05-29T17:01:38","slug":"alumnado","status":"publish","type":"page","link":"https:\/\/iesalhama.educacion.navarra.es\/web1\/encuestas\/alumnado\/","title":{"rendered":"Alumnado"},"content":{"rendered":"<p style=\"padding-left: 30px\"><span style=\"color: #993300\"><span style=\"font-family: Calibri, sans-serif\"><span style=\"font-size: x-large\"><u><b>Encuestas de satisfacci\u00f3n<img loading=\"lazy\" class=\"alignright\" src=\"https:\/\/iesalhama.educacion.navarra.es\/web1\/wp-content\/uploads\/2013\/02\/encuesta1.jpg\" alt=\"La imagen tiene un atributo ALT vac\u00edo; su nombre de archivo es encuesta1.jpg\" width=\"352\" height=\"352\" \/><\/b><\/u><\/span><\/span><\/span><\/p>\n<p style=\"padding-left: 30px\"><b style=\"font-size: medium;font-family: Arial, sans-serif\"><a href=\"https:\/\/docs.google.com\/forms\/d\/e\/1FAIpQLSfrwtGhh-6ekhYrtzrgCWvRfKtKeor18ELhwU9AnAEd4ZLRkw\/viewform\" target=\"_blank\" rel=\"noopener\" data-saferedirecturl=\"https:\/\/www.google.com\/url?q=https:\/\/docs.google.com\/forms\/d\/e\/1FAIpQLSfrwtGhh-6ekhYrtzrgCWvRfKtKeor18ELhwU9AnAEd4ZLRkw\/viewform&amp;source=gmail&amp;ust=1681974833553000&amp;usg=AOvVaw29WhD4ffybanQloge53R-N\">Satisfacci\u00f3n general del ALUMNADO de la ESO<\/a><\/b><\/p>\n<p style=\"padding-left: 30px\"><a href=\"https:\/\/docs.google.com\/forms\/d\/e\/1FAIpQLScJNAWIpnA45OpOjwoer-7q42asVtuC2iCAils49KISWxGYHw\/viewform\" target=\"_blank\" rel=\"noopener\"><b style=\"font-size: medium;font-family: Arial, sans-serif\">Satisfacci\u00f3n general del ALUMNADO de Bach \/ FPB<\/b><\/a><\/p>\n<p style=\"padding-left: 30px\"><span style=\"color: #993300\"><span style=\"font-family: Calibri, sans-serif\"><span style=\"font-size: x-large\"><u><b>Resultado de las encuestas<\/b><\/u><\/span><\/span><\/span><\/p>\n<p>\u00a0 \u00a0 \u00a0 \u00a0<a href=\"https:\/\/docs.google.com\/spreadsheets\/d\/e\/2PACX-1vTPJz7VJin3rCOIbyc57kzU9YiiyEEsJmGCS1OINL7bxoSOyjzE9Zzdz5VG5tdjzc3WFiLMgpanbSFw\/pubhtml?gid=58665120&amp;single=true\" target=\"_blank\" rel=\"noopener\"><strong>Enlace a los resultados<\/strong><\/a><\/p>\n","protected":false},"excerpt":{"rendered":"<p>Encuestas de satisfacci\u00f3n Satisfacci\u00f3n general del ALUMNADO de la ESO Satisfacci\u00f3n general del ALUMNADO de Bach \/ FPB Resultado de las encuestas \u00a0 \u00a0 \u00a0 \u00a0Enlace a los resultados<\/p>\n","protected":false},"author":1,"featured_media":0,"parent":1221,"menu_order":0,"comment_status":"closed","ping_status":"closed","template":"","meta":{"_genesis_hide_title":false,"_genesis_hide_breadcrumbs":false,"_genesis_hide_singular_image":false,"_genesis_hide_footer_widgets":false,"_genesis_custom_body_class":"","_genesis_custom_post_class":"","_genesis_layout":""},"_links":{"self":[{"href":"https:\/\/iesalhama.educacion.navarra.es\/web1\/wp-json\/wp\/v2\/pages\/1223"}],"collection":[{"href":"https:\/\/iesalhama.educacion.navarra.es\/web1\/wp-json\/wp\/v2\/pages"}],"about":[{"href":"https:\/\/iesalhama.educacion.navarra.es\/web1\/wp-json\/wp\/v2\/types\/page"}],"author":[{"embeddable":true,"href":"https:\/\/iesalhama.educacion.navarra.es\/web1\/wp-json\/wp\/v2\/users\/1"}],"replies":[{"embeddable":true,"href":"https:\/\/iesalhama.educacion.navarra.es\/web1\/wp-json\/wp\/v2\/comments?post=1223"}],"version-history":[{"count":23,"href":"https:\/\/iesalhama.educacion.navarra.es\/web1\/wp-json\/wp\/v2\/pages\/1223\/revisions"}],"predecessor-version":[{"id":11424,"href":"https:\/\/iesalhama.educacion.navarra.es\/web1\/wp-json\/wp\/v2\/pages\/1223\/revisions\/11424"}],"up":[{"embeddable":true,"href":"https:\/\/iesalhama.educacion.navarra.es\/web1\/wp-json\/wp\/v2\/pages\/1221"}],"wp:attachment":[{"href":"https:\/\/iesalhama.educacion.navarra.es\/web1\/wp-json\/wp\/v2\/media?parent=1223"}],"curies":[{"name":"wp","href":"https:\/\/api.w.org\/{rel}","templated":true}]}}