{"id":12324,"date":"2025-02-14T14:06:08","date_gmt":"2025-02-14T13:06:08","guid":{"rendered":"https:\/\/iesalhama.educacion.navarra.es\/web1\/?page_id=12324"},"modified":"2025-02-14T14:06:09","modified_gmt":"2025-02-14T13:06:09","slug":"reclamaciones-calificaciones","status":"publish","type":"page","link":"https:\/\/iesalhama.educacion.navarra.es\/web1\/reclamaciones-calificaciones\/","title":{"rendered":"Reclamaciones calificaciones"},"content":{"rendered":"\n<p>El alumnado, si es mayor de edad, o padre, madre o representantes legales, si es menor de edad, podr\u00e1n presentar reclamaciones sobre las decisiones adoptadas y calificaciones obtenidas tanto en las evaluaciones parciales como en las finales.<\/p>\n\n\n\n<p>La v\u00eda de reclamaciones sobre calificaciones parciales, calificaci\u00f3n final de curso o decisi\u00f3n de promoci\u00f3n o titulaci\u00f3n se realizar\u00e1 a trav\u00e9s del documento <strong>DC0014<\/strong> que deber\u00e1 solicitarse en oficinas y una vez firmado, ser\u00e1 entregado y registrado en las mismas dependencias. Este documento se entregar\u00e1 a la Direcci\u00f3n que lo har\u00e1 llegar al departamento did\u00e1ctico correspondiente.<\/p>\n","protected":false},"excerpt":{"rendered":"<p>El alumnado, si es mayor de edad, o padre, madre o representantes legales, si es menor de edad, podr\u00e1n presentar reclamaciones sobre las decisiones adoptadas y calificaciones obtenidas tanto en las evaluaciones parciales como en las finales. La v\u00eda de reclamaciones sobre calificaciones parciales, calificaci\u00f3n final de curso o decisi\u00f3n de promoci\u00f3n o titulaci\u00f3n se [&hellip;]<\/p>\n","protected":false},"author":13,"featured_media":0,"parent":0,"menu_order":0,"comment_status":"closed","ping_status":"closed","template":"","meta":{"_genesis_hide_title":false,"_genesis_hide_breadcrumbs":false,"_genesis_hide_singular_image":false,"_genesis_hide_footer_widgets":false,"_genesis_custom_body_class":"","_genesis_custom_post_class":"","_genesis_layout":""},"_links":{"self":[{"href":"https:\/\/iesalhama.educacion.navarra.es\/web1\/wp-json\/wp\/v2\/pages\/12324"}],"collection":[{"href":"https:\/\/iesalhama.educacion.navarra.es\/web1\/wp-json\/wp\/v2\/pages"}],"about":[{"href":"https:\/\/iesalhama.educacion.navarra.es\/web1\/wp-json\/wp\/v2\/types\/page"}],"author":[{"embeddable":true,"href":"https:\/\/iesalhama.educacion.navarra.es\/web1\/wp-json\/wp\/v2\/users\/13"}],"replies":[{"embeddable":true,"href":"https:\/\/iesalhama.educacion.navarra.es\/web1\/wp-json\/wp\/v2\/comments?post=12324"}],"version-history":[{"count":2,"href":"https:\/\/iesalhama.educacion.navarra.es\/web1\/wp-json\/wp\/v2\/pages\/12324\/revisions"}],"predecessor-version":[{"id":12326,"href":"https:\/\/iesalhama.educacion.navarra.es\/web1\/wp-json\/wp\/v2\/pages\/12324\/revisions\/12326"}],"wp:attachment":[{"href":"https:\/\/iesalhama.educacion.navarra.es\/web1\/wp-json\/wp\/v2\/media?parent=12324"}],"curies":[{"name":"wp","href":"https:\/\/api.w.org\/{rel}","templated":true}]}}