{"id":2273,"date":"2018-06-12T13:12:27","date_gmt":"2018-06-12T11:12:27","guid":{"rendered":"https:\/\/iesalhama.educacion.navarra.es\/web1\/?page_id=2273"},"modified":"2018-06-27T00:25:11","modified_gmt":"2018-06-26T22:25:11","slug":"fotos-del-curso-2017-18","status":"publish","type":"page","link":"https:\/\/iesalhama.educacion.navarra.es\/web1\/fotos\/fotos-del-curso-2017-18\/","title":{"rendered":"Fotos del curso 2017-18"},"content":{"rendered":"<p>Pincha en los enlaces para acceder a las fotos de las actividades realizadas durante este curso<\/p>\n<ul>\n<li><a href=\"https:\/\/photos.app.goo.gl\/IjQZG7oiv9qWrQiK2\" target=\"_blank\" rel=\"noopener\">Viaje de estudios a Par\u00eds<\/a><\/li>\n<li><a href=\"https:\/\/photos.app.goo.gl\/G8mf1iYvMqPTE5fL2\" target=\"_blank\" rel=\"noopener\">Marcha a Alfaro\u00a0<\/a><\/li>\n<li><a href=\"https:\/\/photos.app.goo.gl\/PU1vs2IW6JmMsG4d2\" target=\"_blank\" rel=\"noopener\">Soria y Machado 2\u00ba BCH<\/a><\/li>\n<li><a href=\"https:\/\/photos.app.goo.gl\/dk1al4Tory0NDQCk1\">Senderismo en Suellacabras.<\/a><\/li>\n<li><a href=\"https:\/\/photos.app.goo.gl\/QjM4IvuzGdB8Sd4p1\">Jornadas de rob\u00f3tica<\/a><\/li>\n<li><a href=\"https:\/\/photos.app.goo.gl\/SCMCQN1uGnpz1kKc2\">Excursi\u00f3n al museo de ciencias de Logro\u00f1o<\/a><\/li>\n<li><a href=\"https:\/\/photos.app.goo.gl\/qyh9kWvd8bptTsm97\">Excursi\u00f3n a Francia<\/a><\/li>\n<\/ul>\n<p><img loading=\"lazy\" class=\"alignleft\" src=\"http:\/\/1.bp.blogspot.com\/-L_goICQteCM\/T70DzjhXbMI\/AAAAAAAAAEA\/SBgBI_CTf_g\/s1600\/images+(4).jpg\" alt=\"Imagen relacionada\" width=\"359\" height=\"449\" \/><\/p>\n<ul>\n<li><a href=\"https:\/\/photos.app.goo.gl\/iKqNXUTPOS6Gh3JG2\">Excursi\u00f3n a Fitero en Bici<\/a><\/li>\n<li><a href=\"https:\/\/photos.app.goo.gl\/fnWHpPcfAslX3xTL2\">Juegos Ecol\u00edmpicos 2018<\/a><\/li>\n<li><a href=\"https:\/\/photos.app.goo.gl\/n1x1JkYO6uYXSsAA2\">Excursi\u00f3n naturalista Ribera del Alhama<\/a><\/li>\n<li><a href=\"https:\/\/photos.app.goo.gl\/JUkQBYBVjnUQuxiq8\">Semana Azul.<\/a><\/li>\n<li><a href=\"https:\/\/photos.app.goo.gl\/Qsn6L1RcbyQU5TFQ2\">K\u00e1rate Wuko<\/a><\/li>\n<li><a href=\"https:\/\/photos.app.goo.gl\/pbUJSRSF2qJ3cMwp2\">Semana Verde<\/a><\/li>\n<li><a href=\"https:\/\/photos.app.goo.gl\/VD3Gy595tj6WpxLD8\">Intercambio con Mugron<\/a><\/li>\n<li><a href=\"https:\/\/photos.app.goo.gl\/JZPgoEHfdrPzc6W1A\">Proyecto Stars<\/a><\/li>\n<li><a href=\"https:\/\/photos.app.goo.gl\/dOfMu8w8YWbVwlR73\">Jornada de puertas abiertas 2018<\/a><\/li>\n<li><a href=\"https:\/\/photos.app.goo.gl\/lfusE8a0svj41Dlu2\">Bodega y Museo W\u00dcRTH 2018<\/a><\/li>\n<li><a href=\"https:\/\/photos.app.goo.gl\/MQvX2XPBdR931T5o2\">Semana Blanca _ 2018<\/a><\/li>\n<li><a href=\"https:\/\/photos.app.goo.gl\/Nb6bHdInqBZqttx73\">Salida a Estella<\/a><\/li>\n<li><a href=\"https:\/\/photos.app.goo.gl\/jKr68DrqqiAX8Tis1\">Embajadores Stars 2017-8<\/a><\/li>\n<li><a href=\"https:\/\/photos.app.goo.gl\/EQjxOsz1RymnhJMz2\">Jornada del 22 de diciembre<\/a><\/li>\n<li><a href=\"https:\/\/photos.app.goo.gl\/8XoRCJdhQ1zMvUUP2\">Taller de costura<\/a><\/li>\n<li><a href=\"https:\/\/photos.app.goo.gl\/J0HqumwnME6LY1Hn2\">Cross<\/a><\/li>\n<li><a href=\"https:\/\/photos.app.goo.gl\/CTbUqzJwpJalRAB73\">CAT\u00c1LOGO 2017-8<\/a><\/li>\n<\/ul>\n","protected":false},"excerpt":{"rendered":"<p>Pincha en los enlaces para acceder a las fotos de las actividades realizadas durante este curso Viaje de estudios a Par\u00eds Marcha a Alfaro\u00a0 Soria y Machado 2\u00ba BCH Senderismo en Suellacabras. Jornadas de rob\u00f3tica Excursi\u00f3n al museo de ciencias de Logro\u00f1o Excursi\u00f3n a Francia Excursi\u00f3n a Fitero en Bici Juegos Ecol\u00edmpicos 2018 Excursi\u00f3n naturalista [&hellip;]<\/p>\n","protected":false},"author":1,"featured_media":0,"parent":2271,"menu_order":0,"comment_status":"closed","ping_status":"closed","template":"","meta":{"_genesis_hide_title":false,"_genesis_hide_breadcrumbs":false,"_genesis_hide_singular_image":false,"_genesis_hide_footer_widgets":false,"_genesis_custom_body_class":"","_genesis_custom_post_class":"","_genesis_layout":""},"_links":{"self":[{"href":"https:\/\/iesalhama.educacion.navarra.es\/web1\/wp-json\/wp\/v2\/pages\/2273"}],"collection":[{"href":"https:\/\/iesalhama.educacion.navarra.es\/web1\/wp-json\/wp\/v2\/pages"}],"about":[{"href":"https:\/\/iesalhama.educacion.navarra.es\/web1\/wp-json\/wp\/v2\/types\/page"}],"author":[{"embeddable":true,"href":"https:\/\/iesalhama.educacion.navarra.es\/web1\/wp-json\/wp\/v2\/users\/1"}],"replies":[{"embeddable":true,"href":"https:\/\/iesalhama.educacion.navarra.es\/web1\/wp-json\/wp\/v2\/comments?post=2273"}],"version-history":[{"count":6,"href":"https:\/\/iesalhama.educacion.navarra.es\/web1\/wp-json\/wp\/v2\/pages\/2273\/revisions"}],"predecessor-version":[{"id":2409,"href":"https:\/\/iesalhama.educacion.navarra.es\/web1\/wp-json\/wp\/v2\/pages\/2273\/revisions\/2409"}],"up":[{"embeddable":true,"href":"https:\/\/iesalhama.educacion.navarra.es\/web1\/wp-json\/wp\/v2\/pages\/2271"}],"wp:attachment":[{"href":"https:\/\/iesalhama.educacion.navarra.es\/web1\/wp-json\/wp\/v2\/media?parent=2273"}],"curies":[{"name":"wp","href":"https:\/\/api.w.org\/{rel}","templated":true}]}}