{"id":2581,"date":"2018-09-17T19:08:58","date_gmt":"2018-09-17T17:08:58","guid":{"rendered":"https:\/\/iesalhama.educacion.navarra.es\/web1\/?page_id=2581"},"modified":"2019-12-23T20:59:40","modified_gmt":"2019-12-23T19:59:40","slug":"espacio-m-carmen-felipe","status":"publish","type":"page","link":"https:\/\/iesalhama.educacion.navarra.es\/web1\/departamentos\/matematicas10\/espacio-m-carmen-felipe\/","title":{"rendered":"Espacio M Carmen Felipe"},"content":{"rendered":"\n<h2>1\u00ba D ESO<\/h2>\n\n\n\n<p><\/p>\n\n\n\n<h2>3\u00ba A-B ESO <\/h2>\n\n\n\n<p><a rel=\"noreferrer noopener\" aria-label=\" (se abre en una nueva pesta\u00f1a)\" href=\"https:\/\/youtu.be\/inuImtZHQjo\" target=\"_blank\">V\u00eddeo divisi\u00f3n de polinomios<\/a><\/p>\n\n\n\n<p><a href=\"https:\/\/youtu.be\/YU6e5WQtT9c\" target=\"_blank\" rel=\"noreferrer noopener\" aria-label=\"V\u00eddeo Identidades notables (se abre en una nueva pesta\u00f1a)\">V\u00eddeo Identidades notables<\/a><\/p>\n\n\n\n<h2>4\u00ba A ESO<\/h2>\n\n\n\n<p><a rel=\"noreferrer noopener\" aria-label=\"Simplificar fracciones algebraicas (abre en una nueva pesta\u00f1a)\" href=\"https:\/\/youtu.be\/ZvyOkWhOYQ8\" target=\"_blank\">V\u00eddeo simplificar fracciones algebraicas<\/a><\/p>\n\n\n\n<p><a rel=\"noreferrer noopener\" aria-label=\"Sums fracciones algebr\u00e1icas (abre en una nueva pesta\u00f1a)\" href=\"https:\/\/youtu.be\/fyoP9EWxZRE\" target=\"_blank\">V\u00eddeo suma fracciones algebraicas<\/a><\/p>\n\n\n\n<p><\/p>\n\n\n\n<p><\/p>\n","protected":false},"excerpt":{"rendered":"<p>1\u00ba D ESO 3\u00ba A-B ESO V\u00eddeo divisi\u00f3n de polinomios V\u00eddeo Identidades notables 4\u00ba A ESO V\u00eddeo simplificar fracciones algebraicas V\u00eddeo suma fracciones algebraicas<\/p>\n","protected":false},"author":1,"featured_media":0,"parent":1169,"menu_order":0,"comment_status":"closed","ping_status":"closed","template":"","meta":{"_genesis_hide_title":false,"_genesis_hide_breadcrumbs":false,"_genesis_hide_singular_image":false,"_genesis_hide_footer_widgets":false,"_genesis_custom_body_class":"","_genesis_custom_post_class":"","_genesis_layout":""},"_links":{"self":[{"href":"https:\/\/iesalhama.educacion.navarra.es\/web1\/wp-json\/wp\/v2\/pages\/2581"}],"collection":[{"href":"https:\/\/iesalhama.educacion.navarra.es\/web1\/wp-json\/wp\/v2\/pages"}],"about":[{"href":"https:\/\/iesalhama.educacion.navarra.es\/web1\/wp-json\/wp\/v2\/types\/page"}],"author":[{"embeddable":true,"href":"https:\/\/iesalhama.educacion.navarra.es\/web1\/wp-json\/wp\/v2\/users\/1"}],"replies":[{"embeddable":true,"href":"https:\/\/iesalhama.educacion.navarra.es\/web1\/wp-json\/wp\/v2\/comments?post=2581"}],"version-history":[{"count":135,"href":"https:\/\/iesalhama.educacion.navarra.es\/web1\/wp-json\/wp\/v2\/pages\/2581\/revisions"}],"predecessor-version":[{"id":4064,"href":"https:\/\/iesalhama.educacion.navarra.es\/web1\/wp-json\/wp\/v2\/pages\/2581\/revisions\/4064"}],"up":[{"embeddable":true,"href":"https:\/\/iesalhama.educacion.navarra.es\/web1\/wp-json\/wp\/v2\/pages\/1169"}],"wp:attachment":[{"href":"https:\/\/iesalhama.educacion.navarra.es\/web1\/wp-json\/wp\/v2\/media?parent=2581"}],"curies":[{"name":"wp","href":"https:\/\/api.w.org\/{rel}","templated":true}]}}