{"id":2759,"date":"2018-10-18T11:41:08","date_gmt":"2018-10-18T09:41:08","guid":{"rendered":"https:\/\/iesalhama.educacion.navarra.es\/web1\/?page_id=2759"},"modified":"2019-06-18T14:48:16","modified_gmt":"2019-06-18T12:48:16","slug":"fotos-del-cursos-2018-19","status":"publish","type":"page","link":"https:\/\/iesalhama.educacion.navarra.es\/web1\/fotos\/fotos-del-cursos-2018-19\/","title":{"rendered":"Fotos del curso 2018-19"},"content":{"rendered":"<p>Pincha en los enlaces para acceder a las fotos de las actividades realizadas durante este curso<\/p>\n<ul>\n<li><a href=\"https:\/\/photos.app.goo.gl\/pZnMUB4czxifFFxB9\" target=\"_blank\" rel=\"noopener noreferrer\">Cat\u00e1logo 2018-19<\/a><\/li>\n<li><a href=\"https:\/\/photos.app.goo.gl\/bfx9tgQ43yw4scgh8\" target=\"_blank\" rel=\"noopener noreferrer\">Taller de autoreparaci\u00f3n de bicicletas<\/a><\/li>\n<li><a href=\"https:\/\/photos.app.goo.gl\/48MUjFYCPXfgCoxu7\" target=\"_blank\" rel=\"noopener noreferrer\">Excursi\u00f3n Erasmus +<\/a><\/li>\n<li><a href=\"https:\/\/photos.app.goo.gl\/pSm4fNZh4FsdyfSv7\" target=\"_blank\" rel=\"noopener noreferrer\">Teatro en Ingl\u00e9s<\/a><\/li>\n<li><a href=\"https:\/\/photos.app.goo.gl\/UsjeoPrXUcsE1Pcp6\" target=\"_blank\" rel=\"noopener noreferrer\">Cross contra la violencia de g\u00e9nero<\/a><\/li>\n<li><a href=\"https:\/\/photos.app.goo.gl\/xS4M9mPwa4SdHmGcA\" target=\"_blank\" rel=\"noopener noreferrer\">The Inmersion in Bury St. Edmunds.<\/a><\/li>\n<li><a href=\"https:\/\/photos.app.goo.gl\/iBCzD3KDPmx8XCkW9\" target=\"_blank\" rel=\"noopener noreferrer\">Museo Laboratorio Tejada<\/a><\/li>\n<li><a href=\"https:\/\/photos.app.goo.gl\/PU2dtCpN6QiWjXuy8\">Semana Blanca 18-19 2\u00ba ESO<\/a><\/li>\n<li><a href=\"https:\/\/photos.app.goo.gl\/RpNMWKGTWqCBgbWPA\" target=\"_blank\" rel=\"noopener noreferrer\">Tudela Hist\u00f3rica\u00a0<\/a><\/li>\n<li><a href=\"https:\/\/photos.app.goo.gl\/ECCbLQp6a55gzWLQA\" target=\"_blank\" rel=\"noopener noreferrer\">Fridays for future<\/a><\/li>\n<li><a href=\"https:\/\/photos.google.com\/share\/AF1QipPjVzC3d3jafYrUOPbZIC4pVptt-JEZBmpVG9vn4r3erWRKllb8-ErwBUC7oy6fOA?key=UUtJSVFpbE1WY1BtN1BsNlVhZF82YWlPdGpVdm93\" target=\"_blank\" rel=\"noopener noreferrer\">Ruta de Machado 18-19 2\u00ba BCH<\/a><\/li>\n<li><a href=\"https:\/\/photos.app.goo.gl\/eQvEGEHhkgcLpGJ4A\" target=\"_blank\" rel=\"noopener noreferrer\">Visita universidades 18-19 2\u00ba BCH<\/a><\/li>\n<li><a href=\"https:\/\/photos.app.goo.gl\/A9u97BgSEneN9yV2A\" target=\"_blank\" rel=\"noopener noreferrer\">Viaje de estudios a Barcelona 4\u00ba ESO<\/a><\/li>\n<li><a href=\"https:\/\/photos.app.goo.gl\/V144ZmT7AriVfW1t6\" target=\"_blank\" rel=\"noopener noreferrer\">Marcha a Fitero<\/a><\/li>\n<li><a href=\"https:\/\/photos.app.goo.gl\/b5b3geq7iqZRaT7N9\" target=\"_blank\" rel=\"noopener noreferrer\">Trenasa\u00a0<\/a><\/li>\n<li><a href=\"https:\/\/photos.app.goo.gl\/a5WEZfUgxfKchnpVA\" target=\"_blank\" rel=\"noopener noreferrer\">Tarazona y monasterio de Veruela<\/a><\/li>\n<li><a href=\"https:\/\/photos.app.goo.gl\/FG8U1aE8nsDfJKE4A\" target=\"_blank\" rel=\"noopener noreferrer\">Semana azul<\/a><\/li>\n<li><a href=\"https:\/\/photos.app.goo.gl\/Q1DXrKkg5NjoKJ788\" target=\"_blank\" rel=\"noopener noreferrer\">Bodega de la Grajera y Museo W\u00fcrth<\/a><\/li>\n<li><a href=\"https:\/\/photos.app.goo.gl\/WZErVe6RPcGHn1nb7\" target=\"_blank\" rel=\"noopener noreferrer\">Viaje de estudios a Italia 1\u00ba BCH<\/a><\/li>\n<li><a href=\"https:\/\/photos.app.goo.gl\/RSApZqDoFBsuba3KA\" target=\"_blank\" rel=\"noopener noreferrer\">Juegos Ecol\u00edmpicos<\/a><\/li>\n<li><a href=\"https:\/\/photos.app.goo.gl\/48hYyjQm6P1sQPCUA\" target=\"_blank\" rel=\"noopener noreferrer\">Orla 2\u00ba Bachillerato 2018-9<\/a><\/li>\n<li><a href=\"https:\/\/photos.app.goo.gl\/pb4pZHUepWsUZdAQ7\" target=\"_blank\" rel=\"noopener noreferrer\">Talleres de Junio<\/a><\/li>\n<li><a href=\"https:\/\/photos.app.goo.gl\/bWso8y9hb2RTQkxG8\" target=\"_blank\" rel=\"noopener noreferrer\">Viaje a Francia<\/a><\/li>\n<li><a href=\"https:\/\/photos.app.goo.gl\/nH21QKeGQQv1VMSF9\" target=\"_blank\" rel=\"noopener noreferrer\">Visita del alumnado de primaria<\/a><\/li>\n<li><a href=\"https:\/\/photos.app.goo.gl\/MrApL1PUfwixr8JH9\" target=\"_blank\" rel=\"noopener noreferrer\">Contrebia Leucade<\/a><\/li>\n<li><a href=\"https:\/\/photos.app.goo.gl\/LCn9cVCe1pRr1kECA\" target=\"_blank\" rel=\"noopener noreferrer\">Semana Verde<\/a><\/li>\n<li><a href=\"https:\/\/photos.app.goo.gl\/3yPyhvmU3BZEzT52A\" target=\"_blank\" rel=\"noopener noreferrer\">Pirag\u00fcismo en el Ebro<\/a><\/li>\n<li><a href=\"https:\/\/photos.app.goo.gl\/C1uHAuukmYQ1tuac9\" target=\"_blank\" rel=\"noopener noreferrer\">Ruta pueblos abandonados<\/a><\/li>\n<li><a href=\"https:\/\/photos.app.goo.gl\/1ELS7yDJtwipnQeN6\" target=\"_blank\" rel=\"noopener noreferrer\">Festival fin de curso<\/a><\/li>\n<\/ul>\n\n\n<figure class=\"wp-block-image\"><img alt=\"\"\/><\/figure>\n","protected":false},"excerpt":{"rendered":"<p>Pincha en los enlaces para acceder a las fotos de las actividades realizadas durante este curso Cat\u00e1logo 2018-19 Taller de autoreparaci\u00f3n de bicicletas Excursi\u00f3n Erasmus + Teatro en Ingl\u00e9s Cross contra la violencia de g\u00e9nero The Inmersion in Bury St. Edmunds. Museo Laboratorio Tejada Semana Blanca 18-19 2\u00ba ESO Tudela Hist\u00f3rica\u00a0 Fridays for future Ruta [&hellip;]<\/p>\n","protected":false},"author":1,"featured_media":0,"parent":2271,"menu_order":0,"comment_status":"closed","ping_status":"closed","template":"","meta":{"_genesis_hide_title":false,"_genesis_hide_breadcrumbs":false,"_genesis_hide_singular_image":false,"_genesis_hide_footer_widgets":false,"_genesis_custom_body_class":"","_genesis_custom_post_class":"","_genesis_layout":""},"_links":{"self":[{"href":"https:\/\/iesalhama.educacion.navarra.es\/web1\/wp-json\/wp\/v2\/pages\/2759"}],"collection":[{"href":"https:\/\/iesalhama.educacion.navarra.es\/web1\/wp-json\/wp\/v2\/pages"}],"about":[{"href":"https:\/\/iesalhama.educacion.navarra.es\/web1\/wp-json\/wp\/v2\/types\/page"}],"author":[{"embeddable":true,"href":"https:\/\/iesalhama.educacion.navarra.es\/web1\/wp-json\/wp\/v2\/users\/1"}],"replies":[{"embeddable":true,"href":"https:\/\/iesalhama.educacion.navarra.es\/web1\/wp-json\/wp\/v2\/comments?post=2759"}],"version-history":[{"count":40,"href":"https:\/\/iesalhama.educacion.navarra.es\/web1\/wp-json\/wp\/v2\/pages\/2759\/revisions"}],"predecessor-version":[{"id":3498,"href":"https:\/\/iesalhama.educacion.navarra.es\/web1\/wp-json\/wp\/v2\/pages\/2759\/revisions\/3498"}],"up":[{"embeddable":true,"href":"https:\/\/iesalhama.educacion.navarra.es\/web1\/wp-json\/wp\/v2\/pages\/2271"}],"wp:attachment":[{"href":"https:\/\/iesalhama.educacion.navarra.es\/web1\/wp-json\/wp\/v2\/media?parent=2759"}],"curies":[{"name":"wp","href":"https:\/\/api.w.org\/{rel}","templated":true}]}}