{"id":2890,"date":"2018-11-26T22:13:26","date_gmt":"2018-11-26T21:13:26","guid":{"rendered":"https:\/\/iesalhama.educacion.navarra.es\/web1\/?page_id=2890"},"modified":"2022-11-11T13:53:48","modified_gmt":"2022-11-11T12:53:48","slug":"presentacion","status":"publish","type":"page","link":"https:\/\/iesalhama.educacion.navarra.es\/web1\/presentacion\/","title":{"rendered":"Presentaci\u00f3n"},"content":{"rendered":"<p><b>APYMA presentaci\u00f3n<\/b><\/p>\n<p><span style=\"font-weight: 400\">La Asociaci\u00f3n de Padres y Madres (APYMA) del IES Alhama es una entidad sin \u00e1nimo de lucro e independiente que tiene \u00a0como finalidad colaborar en la organizaci\u00f3n del derecho a intervenir en la gesti\u00f3n del centro y participar en la planificaci\u00f3n de actividades que supongan un mayor nivel de la calidad de la ense\u00f1anza que ofrece el IES Alhama.<\/span><\/p>\n<p><span style=\"font-weight: 400\">Cada a\u00f1o acad\u00e9mico la APYMA realiza, como m\u00ednimo, las siguientes actividades:<\/span><\/p>\n<ul>\n<li style=\"font-weight: 400\"><span style=\"font-weight: 400\">ENTREGA DE TAQUILLAS AL ALUMNADO ASOCIADO. <\/span><\/li>\n<li style=\"font-weight: 400\"><span style=\"font-weight: 400\">ASAMBLEA GENERAL. <\/span><\/li>\n<li style=\"font-weight: 400\"><span style=\"font-weight: 400\">CICLO DE CHARLAS. <\/span><\/li>\n<li style=\"font-weight: 400\"><span style=\"font-weight: 400\">ACTIVIDADES DE HIGIENE POSTURAL. <\/span><\/li>\n<li style=\"font-weight: 400\"><span style=\"font-weight: 400\">CURSO DE SALUD Y SEXUALIDAD.<\/span><\/li>\n<li style=\"font-weight: 400\"><span style=\"font-weight: 400\">CURSO DE PRIMEROS AUXILIOS. <\/span><\/li>\n<li style=\"font-weight: 400\"><span style=\"font-weight: 400\">ESCUELA DE PADRES Y MADRES. <\/span><\/li>\n<li style=\"font-weight: 400\"><span style=\"font-weight: 400\">MARCHA A ALFARO. <\/span><\/li>\n<li style=\"font-weight: 400\"><span style=\"font-weight: 400\">LUNCH GALA GRADUACI\u00d3N BACHILLERATO. <\/span><\/li>\n<li style=\"font-weight: 400\"><span style=\"font-weight: 400\">PARTICIPA EN EL CONSEJO ESCOLAR.<\/span><\/li>\n<li style=\"font-weight: 400\"><span style=\"font-weight: 400\">POTENCIA LOS DERECHOS INDIVIDUALES Y COLECTIVOS DE PADRES, MADRES Y TUTORES LEGALES.<\/span><\/li>\n<\/ul>\n<p>Para cualquier consulta a la APYMA o darse de alta en la lista de difusi\u00f3n, est\u00e1n disponibles las siguientes formas de contacto:<\/p>\n<ul>\n<li style=\"list-style-type: none\">\n<ul>\n<li style=\"list-style-type: none\">\n<ul>\n<li style=\"list-style-type: none\">\n<ul>\n<li style=\"font-weight: 400\"><span style=\"font-weight: 400\"><strong><span style=\"color: #0000ff\"><span style=\"color: #000000\"><em>Tel\u00e9fono:<\/em> \u00a0<\/span>722 417 246<\/span><\/strong><\/span><\/li>\n<li style=\"font-weight: 400\"><span style=\"font-weight: 400\"><strong><em><span style=\"color: #000000\">Correo electr\u00f3nico:\u00a0 <\/span><\/em><span style=\"color: #0000ff\">apyma_alhama@hotmail.es<\/span><\/strong><\/span><\/li>\n<\/ul>\n<\/li>\n<\/ul>\n<\/li>\n<\/ul>\n<\/li>\n<\/ul>\n","protected":false},"excerpt":{"rendered":"<p>APYMA presentaci\u00f3n La Asociaci\u00f3n de Padres y Madres (APYMA) del IES Alhama es una entidad sin \u00e1nimo de lucro e independiente que tiene \u00a0como finalidad colaborar en la organizaci\u00f3n del derecho a intervenir en la gesti\u00f3n del centro y participar en la planificaci\u00f3n de actividades que supongan un mayor nivel de la calidad de la [&hellip;]<\/p>\n","protected":false},"author":1,"featured_media":0,"parent":0,"menu_order":0,"comment_status":"closed","ping_status":"closed","template":"","meta":{"_genesis_hide_title":false,"_genesis_hide_breadcrumbs":false,"_genesis_hide_singular_image":false,"_genesis_hide_footer_widgets":false,"_genesis_custom_body_class":"","_genesis_custom_post_class":"","_genesis_layout":""},"_links":{"self":[{"href":"https:\/\/iesalhama.educacion.navarra.es\/web1\/wp-json\/wp\/v2\/pages\/2890"}],"collection":[{"href":"https:\/\/iesalhama.educacion.navarra.es\/web1\/wp-json\/wp\/v2\/pages"}],"about":[{"href":"https:\/\/iesalhama.educacion.navarra.es\/web1\/wp-json\/wp\/v2\/types\/page"}],"author":[{"embeddable":true,"href":"https:\/\/iesalhama.educacion.navarra.es\/web1\/wp-json\/wp\/v2\/users\/1"}],"replies":[{"embeddable":true,"href":"https:\/\/iesalhama.educacion.navarra.es\/web1\/wp-json\/wp\/v2\/comments?post=2890"}],"version-history":[{"count":3,"href":"https:\/\/iesalhama.educacion.navarra.es\/web1\/wp-json\/wp\/v2\/pages\/2890\/revisions"}],"predecessor-version":[{"id":8415,"href":"https:\/\/iesalhama.educacion.navarra.es\/web1\/wp-json\/wp\/v2\/pages\/2890\/revisions\/8415"}],"wp:attachment":[{"href":"https:\/\/iesalhama.educacion.navarra.es\/web1\/wp-json\/wp\/v2\/media?parent=2890"}],"curies":[{"name":"wp","href":"https:\/\/api.w.org\/{rel}","templated":true}]}}