{"id":2972,"date":"2018-12-20T12:20:59","date_gmt":"2018-12-20T11:20:59","guid":{"rendered":"https:\/\/iesalhama.educacion.navarra.es\/web1\/?page_id=2972"},"modified":"2025-11-17T10:44:53","modified_gmt":"2025-11-17T09:44:53","slug":"solicitud-de-repeticion-de-examen","status":"publish","type":"page","link":"https:\/\/iesalhama.educacion.navarra.es\/web1\/solicitud-de-repeticion-de-examen\/","title":{"rendered":"Solicitud de repetici\u00f3n de examen"},"content":{"rendered":"<p>La solicitud para la repetici\u00f3n de examen debe tramitarse online cumplimentando el formulario adjunto al final de esta p\u00e1gina. Antes de cumplimentar la misma se ruega tener en cuenta las siguientes <strong>consideraciones generales<\/strong>:<\/p>\n<ul>\n<li>La decisi\u00f3n sobre la repetici\u00f3n de examen la realizar\u00e1 Jefatura de Estudios.<\/li>\n<li>Los viajes no se consideran una justificaci\u00f3n.<\/li>\n<li>En el caso de no recibir respuesta por parte de Jefatura de Estudios, se dar\u00e1 por aprobada la solicitud.<\/li>\n<\/ul>\n<p>Asimismo, dependiendo del nivel en que el alumno est\u00e9 matriculado:<\/p>\n<p><strong>EN ESO Y FPB:<\/strong><br \/>\n1. La repetici\u00f3n del examen se solicitar\u00e1 el mismo d\u00eda de ausencia o con antelaci\u00f3n.<br \/>\n2. Se podr\u00e1 solicitar la repetici\u00f3n de ex\u00e1menes hasta tres veces a lo largo del curso adjuntando una fotograf\u00eda de un <span style=\"text-decoration: underline\">justificante de la familia<\/span> en la \u00faltima pregunta del formulario.<br \/>\n3. A partir de tres veces, se considerar\u00e1 un comportamiento reiterativo y se deber\u00e1 presentar justificante oficial para su repetici\u00f3n, a\u00f1adiendo una foto en la \u00faltima pregunta del formulario<\/p>\n<p><strong>EN BACHILLERATO:<\/strong><br \/>\n1. La repetici\u00f3n de examen se solicitar\u00e1 el mismo d\u00eda de ausencia o con antelaci\u00f3n <span style=\"text-decoration: underline\">con justificante oficial<\/span> a\u00f1adiendo una foto de este en la \u00faltima pregunta del formulario.<\/p>\n<p><strong>La solicitud puede realizarse online cumplimentando el siguiente formulario:<\/strong><\/p>\n<p><strong><a href=\"https:\/\/docs.google.com\/forms\/d\/e\/1FAIpQLSfhe8gPMnQIzzPAxc450ZyjSHapPM9uCM0Ekzz665Ca8VUtJg\/viewform\" target=\"_blank\" rel=\"noopener noreferrer\">Pincha aqu\u00ed para realizar la petici\u00f3n Online<\/a><\/strong><\/p>\n","protected":false},"excerpt":{"rendered":"<p>La solicitud para la repetici\u00f3n de examen debe tramitarse online cumplimentando el formulario adjunto al final de esta p\u00e1gina. Antes de cumplimentar la misma se ruega tener en cuenta las siguientes consideraciones generales: La decisi\u00f3n sobre la repetici\u00f3n de examen la realizar\u00e1 Jefatura de Estudios. Los viajes no se consideran una justificaci\u00f3n. En el caso [&hellip;]<\/p>\n","protected":false},"author":1,"featured_media":0,"parent":0,"menu_order":0,"comment_status":"closed","ping_status":"closed","template":"","meta":{"_genesis_hide_title":false,"_genesis_hide_breadcrumbs":false,"_genesis_hide_singular_image":false,"_genesis_hide_footer_widgets":false,"_genesis_custom_body_class":"","_genesis_custom_post_class":"","_genesis_layout":""},"_links":{"self":[{"href":"https:\/\/iesalhama.educacion.navarra.es\/web1\/wp-json\/wp\/v2\/pages\/2972"}],"collection":[{"href":"https:\/\/iesalhama.educacion.navarra.es\/web1\/wp-json\/wp\/v2\/pages"}],"about":[{"href":"https:\/\/iesalhama.educacion.navarra.es\/web1\/wp-json\/wp\/v2\/types\/page"}],"author":[{"embeddable":true,"href":"https:\/\/iesalhama.educacion.navarra.es\/web1\/wp-json\/wp\/v2\/users\/1"}],"replies":[{"embeddable":true,"href":"https:\/\/iesalhama.educacion.navarra.es\/web1\/wp-json\/wp\/v2\/comments?post=2972"}],"version-history":[{"count":10,"href":"https:\/\/iesalhama.educacion.navarra.es\/web1\/wp-json\/wp\/v2\/pages\/2972\/revisions"}],"predecessor-version":[{"id":13179,"href":"https:\/\/iesalhama.educacion.navarra.es\/web1\/wp-json\/wp\/v2\/pages\/2972\/revisions\/13179"}],"wp:attachment":[{"href":"https:\/\/iesalhama.educacion.navarra.es\/web1\/wp-json\/wp\/v2\/media?parent=2972"}],"curies":[{"name":"wp","href":"https:\/\/api.w.org\/{rel}","templated":true}]}}