{"id":7669,"date":"2022-09-02T09:54:31","date_gmt":"2022-09-02T07:54:31","guid":{"rendered":"https:\/\/iesalhama.educacion.navarra.es\/web1\/?page_id=7669"},"modified":"2023-06-30T19:26:40","modified_gmt":"2023-06-30T17:26:40","slug":"fotos-del-curso-2022-23","status":"publish","type":"page","link":"https:\/\/iesalhama.educacion.navarra.es\/web1\/fotos\/fotos-del-curso-2022-23\/","title":{"rendered":"Fotos del curso 2022-23"},"content":{"rendered":"<p>Pincha en los enlaces para acceder a las fotos de las actividades realizadas durante este curso<\/p>\n<p><img loading=\"lazy\" class=\"alignleft\" src=\"http:\/\/1.bp.blogspot.com\/-L_goICQteCM\/T70DzjhXbMI\/AAAAAAAAAEA\/SBgBI_CTf_g\/s1600\/images+(4).jpg\" alt=\"Imagen relacionada\" width=\"462\" height=\"577\" \/><\/p>\n<p><a href=\"https:\/\/iesalhama.educacion.navarra.es\/web1\/fotos\/fotos-del-curso-2022-23\/orla-del-curso-2022-2023\/\" rel=\"noreferrer noopener\">Cat\u00e1logo Orla 2022-2023<\/a><\/p>\n<p><a href=\"https:\/\/photos.app.goo.gl\/VWPZMGALqSYyxJef8\" target=\"_blank\" rel=\"noreferrer noopener\">Fotos del mes de Septiembre<\/a><\/p>\n<p><a href=\"https:\/\/photos.app.goo.gl\/o3AuXQLs1smQQqhXA\" target=\"_blank\" rel=\"noreferrer noopener\">Fotos del mes de Octubre<\/a><\/p>\n<p><a href=\"https:\/\/photos.app.goo.gl\/Z7qBkpsohG54L4BX8\" target=\"_blank\" rel=\"noreferrer noopener\">Fotos del mes de Noviembre<\/a><\/p>\n<p><a href=\"https:\/\/photos.app.goo.gl\/M9ryLmtEdt9ZK7GL7\" target=\"_blank\" rel=\"noreferrer noopener\">Fotos del mes de Diciembre<\/a><\/p>\n<p><a href=\"https:\/\/photos.app.goo.gl\/maLC7YjWx5sQxoNh7\" target=\"_blank\" rel=\"noreferrer noopener\">Fotos del mes de Enero<\/a><\/p>\n<p><a href=\"https:\/\/photos.app.goo.gl\/zR4WCs25QXWPBc8X7\" target=\"_blank\" rel=\"noreferrer noopener\">Fotos del mes de Febrero<\/a><\/p>\n<p><a href=\"https:\/\/photos.app.goo.gl\/aEBo6qEdvuo8tbiT8\" target=\"_blank\" rel=\"noreferrer noopener\">Fotos del mes de Marzo<\/a><\/p>\n<p><a href=\"https:\/\/photos.app.goo.gl\/XyubdMkA3wKPntSd6\" target=\"_blank\" rel=\"noreferrer noopener\">Fotos del mes de Abril<\/a><\/p>\n<p><a href=\"https:\/\/photos.app.goo.gl\/yMpbdVpe3ijfhBop9\" target=\"_blank\" rel=\"noreferrer noopener\">Fotos del mes de Mayo<\/a><\/p>\n<p><a href=\"https:\/\/photos.app.goo.gl\/1vXo2siZUji9XVwe9\" target=\"_blank\" rel=\"noreferrer noopener\">Fotos del mes de Junio<\/a><\/p>\n<p>\u00a0<\/p>\n<hr \/>\n<p><img loading=\"lazy\" class=\" wp-image-8866 alignleft\" src=\"https:\/\/iesalhama.educacion.navarra.es\/web1\/wp-content\/uploads\/2023\/01\/kisspng-digital-camera-289x300.png\" alt=\"\" width=\"424\" height=\"440\" srcset=\"https:\/\/iesalhama.educacion.navarra.es\/web1\/wp-content\/uploads\/2023\/01\/kisspng-digital-camera-289x300.png 289w, https:\/\/iesalhama.educacion.navarra.es\/web1\/wp-content\/uploads\/2023\/01\/kisspng-digital-camera-768x798.png 768w, https:\/\/iesalhama.educacion.navarra.es\/web1\/wp-content\/uploads\/2023\/01\/kisspng-digital-camera.png 800w\" sizes=\"(max-width: 424px) 100vw, 424px\" \/><\/p>\n<p><a href=\"https:\/\/photos.app.goo.gl\/uAPSN1y3fs9oDyBUA\" target=\"_blank\" rel=\"noopener\">Fotos del Proyecto Erasmus GenCy4In&amp;ClimA<\/a><\/p>\n<p><a href=\"https:\/\/drive.google.com\/file\/d\/12yK186mPVmMdxsvpUMwzccYpEwf7h_Un\/view?usp=sharing\" target=\"_blank\" rel=\"noreferrer noopener\">Presentaci\u00f3n del Proyecto Erasmus GenCy4In&amp;ClimA<\/a><\/p>\n<p><a href=\"https:\/\/photos.app.goo.gl\/Fat5RDZ9QxkqsKpx8\" target=\"_blank\" rel=\"noreferrer noopener\">Fotos de Graccurris (13 de Octubre de 2022)<\/a><\/p>\n<p><a href=\"https:\/\/photos.app.goo.gl\/BgkiNUY1oWTcZP567\" target=\"_blank\" rel=\"noreferrer noopener\">Fotos del Yacimiento La Torrecilla (27 de Octubre de 2022)<\/a><\/p>\n<p><a href=\"https:\/\/photos.app.goo.gl\/bNTEhvHDC44DeZMe9\" target=\"_blank\" rel=\"noreferrer noopener\">Fotos de la Carrera 25N (25 de Noviembre de 2022)<\/a><\/p>\n<p><a href=\"https:\/\/photos.app.goo.gl\/HLCki1XPcirbbXJZA\" target=\"_blank\" rel=\"noreferrer noopener\">Fotos del Intercambio Corella-Mugron (Diciembre 2022)<\/a><\/p>\n<p><a href=\"https:\/\/photos.app.goo.gl\/5HmaCWr3iJyvvZxX8\" target=\"_blank\" rel=\"noreferrer noopener\">Fotos de las actividades del 22 de Diciembre de 2022<\/a><\/p>\n<p><a href=\"https:\/\/photos.app.goo.gl\/iSTrsBsr17BHwqre9\" target=\"_blank\" rel=\"noreferrer noopener\">Fotos de la Semana Verde (15-17 de febrero de 2023)<\/a><\/p>\n<p><a href=\"https:\/\/photos.app.goo.gl\/Da9fiZeJ9gc26ipn7\" target=\"_blank\" rel=\"noreferrer noopener\">Fotos de la Inmersi\u00f3n Ling\u00fc\u00edstica en Inglaterra (13-17 de Marzo de 2023)<\/a><\/p>\n<p><a href=\"https:\/\/photos.app.goo.gl\/jkunNF3LVzyQPKJy9\" target=\"_blank\" rel=\"noreferrer noopener\">Fotos de la Semana Blanca (20-25 de Marzo de 2023)<\/a><\/p>\n<p><a href=\"https:\/\/photos.app.goo.gl\/D7EQwVrBWo7QY2Lz7\" target=\"_blank\" rel=\"noreferrer noopener\">Fotos del viaje a Italia de 1\u00baBach (27-31 de Marzo de 2023)<\/a><\/p>\n<p><a href=\"https:\/\/photos.app.goo.gl\/bYsa2S13wZwyVLD68\" target=\"_blank\" rel=\"noreferrer noopener\">Fotos del viaje a Barcelona de 4\u00baESO (29-31 de Marzo de 2023)<\/a><\/p>\n<p><a href=\"https:\/\/photos.app.goo.gl\/1z8yc6Lpy55svpYA8\" target=\"_blank\" rel=\"noreferrer noopener\">Fotos de la visita a Atapuerca y Burgos de 1\u00baBach (4-5 de Abril de 2023)<\/a><\/p>\n<p><a href=\"https:\/\/photos.app.goo.gl\/8Kanop96Ud4Gc5mq7\" target=\"_blank\" rel=\"noreferrer noopener\">Fotos de la Semana del Libro (24-28 de Abril de 2023)<\/a><\/p>\n<p><a href=\"https:\/\/photos.app.goo.gl\/nMEUc4FPJGhbi3YK6\" target=\"_blank\" rel=\"noreferrer noopener\">Fotos de los Juegos Ecol\u00edmpicos (4-23 de Mayo de 2023)<\/a><\/p>\n<p><a href=\"https:\/\/photos.app.goo.gl\/W1GhyUYPpLZmErcx9\" target=\"_blank\" rel=\"noreferrer noopener\">Fotos del Taller \u00abVaya Primos\u00bb (19 de Mayo de 2023)<\/a><\/p>\n<p><a href=\"https:\/\/photos.app.goo.gl\/YPpeWbNk7i4YJjpQ6\" target=\"_blank\" rel=\"noreferrer noopener\">Fotos del acto \u00abSumamos Premios\u00bb (29 de Mayo de 2023)<\/a><\/p>\n<p><a href=\"https:\/\/photos.app.goo.gl\/qHR6MygtB6mhfeHc7\" target=\"_blank\" rel=\"noreferrer noopener\">Fotos del acto de Graduaci\u00f3n Promoci\u00f3n 2022-2023 (9 de Junio de 2023)<\/a><\/p>\n<p><a href=\"https:\/\/photos.app.goo.gl\/aN2NNdZyNG8M7wQw8\" target=\"_blank\" rel=\"noreferrer noopener\">Fotos del acto de Jubilaci\u00f3n Maricarmen Azofra (Junio de 2023)<\/a><\/p>\n<p>\u00a0<\/p>\n<p>\u00a0<\/p>\n<p>\u00a0<\/p>\n\n\n<p><\/p>\n","protected":false},"excerpt":{"rendered":"<p>Pincha en los enlaces para acceder a las fotos de las actividades realizadas durante este curso Cat\u00e1logo Orla 2022-2023 Fotos del mes de Septiembre Fotos del mes de Octubre Fotos del mes de Noviembre Fotos del mes de Diciembre Fotos del mes de Enero Fotos del mes de Febrero Fotos del mes de Marzo Fotos [&hellip;]<\/p>\n","protected":false},"author":4,"featured_media":0,"parent":2271,"menu_order":0,"comment_status":"closed","ping_status":"closed","template":"","meta":{"_genesis_hide_title":false,"_genesis_hide_breadcrumbs":false,"_genesis_hide_singular_image":false,"_genesis_hide_footer_widgets":false,"_genesis_custom_body_class":"","_genesis_custom_post_class":"","_genesis_layout":""},"_links":{"self":[{"href":"https:\/\/iesalhama.educacion.navarra.es\/web1\/wp-json\/wp\/v2\/pages\/7669"}],"collection":[{"href":"https:\/\/iesalhama.educacion.navarra.es\/web1\/wp-json\/wp\/v2\/pages"}],"about":[{"href":"https:\/\/iesalhama.educacion.navarra.es\/web1\/wp-json\/wp\/v2\/types\/page"}],"author":[{"embeddable":true,"href":"https:\/\/iesalhama.educacion.navarra.es\/web1\/wp-json\/wp\/v2\/users\/4"}],"replies":[{"embeddable":true,"href":"https:\/\/iesalhama.educacion.navarra.es\/web1\/wp-json\/wp\/v2\/comments?post=7669"}],"version-history":[{"count":65,"href":"https:\/\/iesalhama.educacion.navarra.es\/web1\/wp-json\/wp\/v2\/pages\/7669\/revisions"}],"predecessor-version":[{"id":10158,"href":"https:\/\/iesalhama.educacion.navarra.es\/web1\/wp-json\/wp\/v2\/pages\/7669\/revisions\/10158"}],"up":[{"embeddable":true,"href":"https:\/\/iesalhama.educacion.navarra.es\/web1\/wp-json\/wp\/v2\/pages\/2271"}],"wp:attachment":[{"href":"https:\/\/iesalhama.educacion.navarra.es\/web1\/wp-json\/wp\/v2\/media?parent=7669"}],"curies":[{"name":"wp","href":"https:\/\/api.w.org\/{rel}","templated":true}]}}