{"id":9929,"date":"2023-06-01T11:58:02","date_gmt":"2023-06-01T09:58:02","guid":{"rendered":"https:\/\/iesalhama.educacion.navarra.es\/web1\/?page_id=9929"},"modified":"2023-12-22T18:10:26","modified_gmt":"2023-12-22T17:10:26","slug":"mision-vision-y-valores","status":"publish","type":"page","link":"https:\/\/iesalhama.educacion.navarra.es\/web1\/mision-vision-y-valores\/","title":{"rendered":"Misi\u00f3n, Visi\u00f3n y Valores"},"content":{"rendered":"\n<figure class=\"wp-block-image size-large\"><img loading=\"lazy\" width=\"1024\" height=\"151\" src=\"https:\/\/iesalhama.educacion.navarra.es\/web1\/wp-content\/uploads\/2023\/12\/Encabezado-Alhama-1024x151.png\" alt=\"\" class=\"wp-image-10793\" srcset=\"https:\/\/iesalhama.educacion.navarra.es\/web1\/wp-content\/uploads\/2023\/12\/Encabezado-Alhama-1024x151.png 1024w, https:\/\/iesalhama.educacion.navarra.es\/web1\/wp-content\/uploads\/2023\/12\/Encabezado-Alhama-300x44.png 300w, https:\/\/iesalhama.educacion.navarra.es\/web1\/wp-content\/uploads\/2023\/12\/Encabezado-Alhama-768x114.png 768w, https:\/\/iesalhama.educacion.navarra.es\/web1\/wp-content\/uploads\/2023\/12\/Encabezado-Alhama-1536x227.png 1536w, https:\/\/iesalhama.educacion.navarra.es\/web1\/wp-content\/uploads\/2023\/12\/Encabezado-Alhama.png 1643w\" sizes=\"(max-width: 1024px) 100vw, 1024px\" \/><\/figure>\n\n\n<p><\/p>\n\n\n<h2 class=\"has-text-align-center\">MISI\u00d3N<\/h2>\n\n\n<p>El IES Alhama, de Corella, tiene un proyecto educativo cuya misi\u00f3n es la de:<br>Prestar un servicio educativo de calidad que satisfaga al alumnado, a sus familias y al profesorado propiciando el m\u00e1ximo desarrollo de las competencias de dicho alumnado y una educaci\u00f3n en valores. Todo ello en un ambiente \u00f3ptimo de trabajo, de tal modo que se facilite el acceso a estudios posteriores, teniendo siempre presente el respeto a la diversidad y al medio ambiente.<\/p>\n\n\n<h2 class=\"has-text-align-center\">VISI\u00d3N<\/h2>\n\n\n<p>Dentro de este proyecto, nuestro centro posee una visi\u00f3n que:<br>Promueve la <em><strong>buena formaci\u00f3n y los buenos resultados acad\u00e9micos,<\/strong><\/em> y de esta forma, desarrolle las capacidades intelectuales y sociales del alumnado, dando respuesta a las diferentes motivaciones e intereses individuales, favoreciendo:<\/p>\n<ul>\n<li>La <strong><em>preparaci\u00f3n acad\u00e9mica<\/em><\/strong> para estudios posteriores y para la vida. Facilitando asimismo el aprendizaje de idiomas y la formaci\u00f3n en nuevas tecnolog\u00edas, que permita al alumnado mejorar su&nbsp; desarrollo personal en un entorno internacional y global.<\/li>\n<li>El desarrollo de <em><strong>h\u00e1bitos de trabajo<\/strong><\/em> y de la <em><strong>autonom\u00eda<\/strong><\/em> del alumnado.<\/li>\n<li>El desarrollo de <strong><em>habilidades sociales y de h\u00e1bitos de conducta saludables<\/em><\/strong> entre el alumnado y la comunidad escolar.<\/li>\n<\/ul>\n<p>Desarrolle un <em><strong>clima de convivencia adecuado<\/strong><\/em>, implicando a profesorado, familias y alumnado, y creando un ambiente de trabajo grato, basado en el respeto mutuo y la cooperaci\u00f3n, favoreciendo:<\/p>\n<ul>\n<li>La <em><strong>coordinaci\u00f3n<\/strong><\/em> en todos los \u00e1mbitos.<\/li>\n<li>La <em><strong>solidaridad<\/strong><\/em> y el <em><strong>trabajo en equipo<\/strong><\/em>.<\/li>\n<li>La <em><strong>satisfacci\u00f3n del profesorado<\/strong><\/em>, dando especial importancia a la actualizaci\u00f3n y formaci\u00f3n del mismo, as\u00ed como la valoraci\u00f3n del trabajo bien hecho.<\/li>\n<\/ul>\n<p>Potencie la <em><strong>atenci\u00f3n a la diversidad<\/strong><\/em>, proporcionando a todo el alumnado una educaci\u00f3n adecuada a sus caracter\u00edsticas y necesidades.<\/p>\n<p>Presente una <em><strong>oferta educativa<\/strong><\/em> que responda a las demandas de la poblaci\u00f3n, promoviendo adem\u00e1s la <em><strong>participaci\u00f3n y colaboraci\u00f3n de las familias y del alumnado<\/strong><\/em>. Asimismo, que refuerce su dimensi\u00f3n social y su proyecci\u00f3n en el entorno, siendo un referente cultural para la zona y reconocido y valorado por el entorno social.<\/p>\n<p>Integre a su trabajo diario la cultura de la <em><strong>mejora continua<\/strong><\/em> mediante:<\/p>\n<ul>\n<li>Procesos de <em><strong>gesti\u00f3n de calidad<\/strong><\/em> implantados, en continua revisi\u00f3n y en colaboraci\u00f3n con otros centros y entidades externas.<\/li>\n<li>La promoci\u00f3n de una <em><strong>informaci\u00f3n clara y una comunicaci\u00f3n eficaz<\/strong><\/em>.<\/li>\n<li>Un equipo docente en continuo perfeccionamiento y <em><strong>formaci\u00f3n<\/strong><\/em>, haciendo hincapi\u00e9 en las Nuevas Tecnolog\u00edas.<\/li>\n<li>Optimizar el plan de <em><strong>actividades complementarias y extraescolares<\/strong><\/em>.<\/li>\n<\/ul>\n\n\n<h2 class=\"has-text-align-center\">VALORES<\/h2>\n\n\n<p>Para llevar a cabo dichas <em>misi\u00f3n y visi\u00f3n<\/em>, el IES Alhama considera adecuado potenciar los siguientes <em>valores<\/em>:<br>La responsabilidad en el <em><strong>trabajo<\/strong><\/em> y la valoraci\u00f3n del esfuerzo, as\u00ed como el aprovechamiento de las <em><strong>oportunidades<\/strong><\/em> en la b\u00fasqueda de avances en el marco acad\u00e9mico, personal y social.<br><em><strong>Igualdad de g\u00e9nero<\/strong><\/em> y oportunidades para superar las situaciones que colocan a la mujer en posici\u00f3n de desventaja social, cultural y profesional.<\/p>\n<p>Perseverancia en una <em><strong>actitud activa de aprendizaje<\/strong><\/em> para toda la vida.<br>La <em><strong>creatividad<\/strong><\/em>, la <em><strong>autonom\u00eda personal<\/strong><\/em> y el <strong><em>esp\u00edritu cr\u00edtico<\/em><\/strong>, para ejercer una ciudadan\u00eda activa, responsable, solidaria y tolerante. En este sentido, el reconocimiento de la multiculturalidad como valor del centro.<br>El fomento de los <em><strong>h\u00e1bitos saludables<\/strong><\/em>, el consumo responsable, la sostenibilidad y el reciclaje.<br>El respeto a las normas de <strong>convivencia<\/strong>, a las diferencias individuales entre las personas, a los planteamientos ideol\u00f3gicos en las relaciones entre todos los miembros de la comunidad educativa, favoreciendo el <em><strong>di\u00e1logo<\/strong><\/em>, el intercambio de opiniones y la toma de decisiones.<br>Entusiasmo, <em><strong>ilusi\u00f3n<\/strong><\/em> y unidad en el trabajo para tener mejores ideas, buscar nuevas soluciones y resolver retos.<\/p>\n\n\n<p><\/p>\n","protected":false},"excerpt":{"rendered":"<p>MISI\u00d3N El IES Alhama, de Corella, tiene un proyecto educativo cuya misi\u00f3n es la de:Prestar un servicio educativo de calidad que satisfaga al alumnado, a sus familias y al profesorado propiciando el m\u00e1ximo desarrollo de las competencias de dicho alumnado y una educaci\u00f3n en valores. Todo ello en un ambiente \u00f3ptimo de trabajo, de tal [&hellip;]<\/p>\n","protected":false},"author":11,"featured_media":0,"parent":0,"menu_order":0,"comment_status":"closed","ping_status":"closed","template":"","meta":{"_genesis_hide_title":false,"_genesis_hide_breadcrumbs":false,"_genesis_hide_singular_image":false,"_genesis_hide_footer_widgets":false,"_genesis_custom_body_class":"","_genesis_custom_post_class":"","_genesis_layout":""},"_links":{"self":[{"href":"https:\/\/iesalhama.educacion.navarra.es\/web1\/wp-json\/wp\/v2\/pages\/9929"}],"collection":[{"href":"https:\/\/iesalhama.educacion.navarra.es\/web1\/wp-json\/wp\/v2\/pages"}],"about":[{"href":"https:\/\/iesalhama.educacion.navarra.es\/web1\/wp-json\/wp\/v2\/types\/page"}],"author":[{"embeddable":true,"href":"https:\/\/iesalhama.educacion.navarra.es\/web1\/wp-json\/wp\/v2\/users\/11"}],"replies":[{"embeddable":true,"href":"https:\/\/iesalhama.educacion.navarra.es\/web1\/wp-json\/wp\/v2\/comments?post=9929"}],"version-history":[{"count":7,"href":"https:\/\/iesalhama.educacion.navarra.es\/web1\/wp-json\/wp\/v2\/pages\/9929\/revisions"}],"predecessor-version":[{"id":10795,"href":"https:\/\/iesalhama.educacion.navarra.es\/web1\/wp-json\/wp\/v2\/pages\/9929\/revisions\/10795"}],"wp:attachment":[{"href":"https:\/\/iesalhama.educacion.navarra.es\/web1\/wp-json\/wp\/v2\/media?parent=9929"}],"curies":[{"name":"wp","href":"https:\/\/api.w.org\/{rel}","templated":true}]}}